{"id":9123,"date":"2018-05-17T10:56:06","date_gmt":"2018-05-17T09:56:06","guid":{"rendered":"https:\/\/wk9jkespzd.onrocket.site\/o-nama\/"},"modified":"2023-04-03T08:49:52","modified_gmt":"2023-04-03T07:49:52","slug":"o-nama","status":"publish","type":"page","link":"https:\/\/tiptopclean.eu\/bs\/o-nama\/","title":{"rendered":"O nama"},"content":{"rendered":"<section class=\"wpb-content-wrapper\"><p>[vc_row row_content_width=&#8221;grid&#8221; el_class=&#8221;uber-uns-info-element&#8221; el_id=&#8221;about-info-section&#8221;][vc_column width=&#8221;1\/2&#8221; offset=&#8221;vc_col-lg-3&#8221;]<div class=\"qodef-iwt clearfix  qodef-iwt-icon-left-from-title qodef-iwt-icon-medium\">\n\t<div class=\"qodef-iwt-content\" >\n\t\t\t\t\t<h3 class=\"qodef-iwt-title\" >\n\t\t\t\t\t\t\t\t\t<span class=\"qodef-iwt-icon\">\n\t\t\t\t\t\t\t\t\t\t\t\t\t    <span class=\"qodef-icon-shortcode qodef-normal   qodef-icon-medium\"  >\n                    <span aria-hidden=\"true\" class=\"qodef-icon-font-elegant icon_bag_alt qodef-icon-element\" style=\"font-size:40px\" ><\/span>            <\/span>\n\t\t\t\t\t\t\t\t\t\t\t<\/span>\n\t\t\t\t\t<span class=\"qodef-iwt-title-text\">Sigurno poru\u010divanje<\/span>\n\t\t\t\t\t\t\t<\/h3>\n\t\t\t\t\t\t\t<p class=\"qodef-iwt-text\" style=\"margin-top: 14px\">Kontaktirajte nas. Pitajte za ponudu. Zajedno se dogovaramo o detaljima<\/p>\n\t\t\t<\/div>\n<\/div>[vc_empty_space height=&#8221;30px&#8221;][\/vc_column][vc_column width=&#8221;1\/2&#8221; offset=&#8221;vc_col-lg-3&#8221;]<div class=\"qodef-iwt clearfix  qodef-iwt-icon-left-from-title qodef-iwt-icon-medium\">\n\t<div class=\"qodef-iwt-content\" >\n\t\t\t\t\t<h3 class=\"qodef-iwt-title\" >\n\t\t\t\t\t\t\t\t\t<span class=\"qodef-iwt-icon\">\n\t\t\t\t\t\t\t\t\t\t\t\t\t    <span class=\"qodef-icon-shortcode qodef-normal   qodef-icon-medium\"  >\n                    <span aria-hidden=\"true\" class=\"qodef-icon-font-elegant icon_clock_alt qodef-icon-element\" style=\"font-size:40px\" ><\/span>            <\/span>\n\t\t\t\t\t\t\t\t\t\t\t<\/span>\n\t\t\t\t\t<span class=\"qodef-iwt-title-text\">Brza isporuka<\/span>\n\t\t\t\t\t\t\t<\/h3>\n\t\t\t\t\t\t\t<p class=\"qodef-iwt-text\" style=\"margin-top: 14px\">Isporu\u010dic\u0301emo proizvode na va\u0161u adresu u najkrac\u0301em moguc\u0301em roku<\/p>\n\t\t\t<\/div>\n<\/div>[vc_empty_space height=&#8221;30px&#8221;][\/vc_column][vc_column width=&#8221;1\/2&#8221; offset=&#8221;vc_col-lg-3&#8221;]<div class=\"qodef-iwt clearfix popup-button-bs qodef-iwt-icon-left-from-title qodef-iwt-icon-medium\">\n\t<div class=\"qodef-iwt-content\" >\n\t\t\t\t\t<h3 class=\"qodef-iwt-title\" >\n\t\t\t\t\t\t\t\t\t<a itemprop=\"url\" href=\"#\" target=\"_self\">\n\t\t\t\t\t\t\t\t\t<span class=\"qodef-iwt-icon\">\n\t\t\t\t\t\t\t\t\t\t\t\t\t    <span class=\"qodef-icon-shortcode qodef-normal   qodef-icon-medium\"  >\n                    <span aria-hidden=\"true\" class=\"qodef-icon-font-elegant icon_headphones qodef-icon-element\" style=\"font-size:40px\" ><\/span>            <\/span>\n\t\t\t\t\t\t\t\t\t\t\t<\/span>\n\t\t\t\t\t<span class=\"qodef-iwt-title-text\">Stalna podr\u0161ka<\/span>\n\t\t\t\t\t\t\t\t\t<\/a>\n\t\t\t\t\t\t\t<\/h3>\n\t\t\t\t\t\t\t<p class=\"qodef-iwt-text\" style=\"margin-top: 14px\">Nudimo podr\u0161ku prilikom kori\u0161c\u0301enja na\u0161ih proizvoda<\/p>\n\t\t\t<\/div>\n<\/div>[vc_empty_space height=&#8221;30px&#8221;][\/vc_column][\/vc_row][vc_row content_placement=&#8221;middle&#8221; content_text_aligment=&#8221;center&#8221; parallax_background_image=&#8221;8859&#8221; css=&#8221;.vc_custom_1675778390989{margin-bottom: 180px !important;}&#8221; el_id=&#8221;video-box-de&#8221;][vc_column]<div class=\"qodef-elements-holder   qodef-one-column  qodef-responsive-mode-768 \" ><div class=\"qodef-eh-item  qodef-vertical-alignment-top qodef-horizontal-alignment-center \"  data-item-class=\"qodef-eh-custom-6078\">\n\t<div class=\"qodef-eh-item-inner\">\n\t\t<div class=\"qodef-eh-item-content qodef-eh-custom-6078\" style=\"padding: 234px 0% 260px\">\n\t\t\t<div class=\"qodef-video-button-holder  \">\n\t<div class=\"qodef-video-button-image\">\n\t\t\t<\/div>\n\t\t\t<a class=\"qodef-video-button-play\"  href=\"https:\/\/www.youtube.com\/watch?v=K01RMd9t_LI&#038;ab_channel=GataricInternationalGroup?iframe=true\" data-rel=\"prettyPhoto[video_button_pretty_photo_236]\">\n\t\t\t<span class=\"qodef-video-button-play-inner\">\n\t\t\t\t<span class=\"arrow_triangle-right\"><\/span>\n\t\t\t<\/span>\n\t\t<\/a>\n\t<\/div>\t\t<\/div>\n\t<\/div>\n<\/div><\/div>[\/vc_column][\/vc_row][vc_row equal_height=&#8221;yes&#8221; content_placement=&#8221;top&#8221; content_text_aligment=&#8221;center&#8221; css=&#8221;.vc_custom_1668691281525{margin-bottom: 180px !important;}&#8221; el_id=&#8221;video-box-mobile-de&#8221;][vc_column]<div class=\"qodef-elements-holder   qodef-one-column  qodef-responsive-mode-768 \" ><div class=\"qodef-eh-item    \"  data-item-class=\"qodef-eh-custom-6781\" data-1367-1600=\"0px 29% 0px\" data-1025-1366=\"134px 27% 150px\" data-769-1024=\"134px 21% 150px\" data-681-768=\"50px 0px 0px 0px\" data-680=\"50px 0px 0px 0px\">\n\t<div class=\"qodef-eh-item-inner\">\n\t\t<div class=\"qodef-eh-item-content qodef-eh-custom-6781\" >\n\t\t\t[vc_video link=&#8221;https:\/\/www.youtube.com\/watch?v=K01RMd9t_LI&#038;ab_channel=GataricInternationalGroup&#8221; align=&#8221;center&#8221;]\t\t<\/div>\n\t<\/div>\n<\/div><\/div>[\/vc_column][\/vc_row][vc_row css=&#8221;.vc_custom_1659954875799{background-color: #ecf2f8 !important;}&#8221; el_id=&#8221;ab-img-team-section&#8221;][vc_column el_id=&#8221;ab-first-section&#8221;][vc_row_inner][vc_column_inner width=&#8221;1\/2&#8221; el_id=&#8221;ab-first-paragraph&#8221;][vc_column_text]<\/p>\n<blockquote>\n<p>Stati ispred, videti dalje, imati viziju i jasan koncept, biti inspirisan, kreativan i istrajan, predano raditi, biti lider i jasno se izdvojiti i ponuditi vi\u0161e\u2026<\/p>\n<p>&nbsp;<\/p>\n<\/blockquote>\n<p>Sa misijom koja zna\u010di novi po\u010detak i obavezom stalnog postavljanja novih polazi\u0161ta i standarda u poslovnom \u017eivotu. Ostvariti planirane ciljeve i generisati nove ideje za buduc\u0301nost i naredne generacije u proteklih 30 godina. \u017divimo svoje snove i ostvarujemo nemoguc\u0301e stvari, kroz ogromnu pozitivnu energiju koju ula\u017eemo u rad inovativnog tima mladih i motivisanih ljudi. Svoj entuzijazam smo preneli na svaki proizvod koji kreiramo jer nam je va\u017eno da svi korisnici postanu deo cele pri\u010de i osete bar delic\u0301 energije koju smo ulo\u017eili.[\/vc_column_text][\/vc_column_inner][vc_column_inner width=&#8221;1\/2&#8221; el_id=&#8221;ab-img-team&#8221;][vc_single_image image=&#8221;4501&#8221; img_size=&#8221;500*600&#8221; alignment=&#8221;center&#8221; css=&#8221;.vc_custom_1659687458708{padding-left: 35px !important;}&#8221;][\/vc_column_inner][\/vc_row_inner][\/vc_column][\/vc_row][vc_row css=&#8221;.vc_custom_1660029671755{margin-top: 120px !important;margin-bottom: 120px !important;}&#8221; el_id=&#8221;ab-second-section&#8221;][vc_column width=&#8221;1\/2&#8221; css=&#8221;.vc_custom_1660029748459{padding-left: 60px !important;}&#8221; el_id=&#8221;ab-img-carousel&#8221;][vc_images_carousel images=&#8221;4569,4575,4576&#8221; img_size=&#8221;700*500&#8221; onclick=&#8221;link_no&#8221; speed=&#8221;4000&#8221; autoplay=&#8221;yes&#8221; hide_pagination_control=&#8221;yes&#8221; hide_prev_next_buttons=&#8221;yes&#8221; wrap=&#8221;yes&#8221;][\/vc_column][vc_column width=&#8221;1\/2&#8221; el_id=&#8221;ab-tab-section&#8221; css=&#8221;.vc_custom_1659965853957{padding-right: 60px !important;}&#8221;][vc_tta_tour style=&#8221;outline&#8221; spacing=&#8221;&#8221; active_section=&#8221;1&#8221;][vc_tta_section title=&#8221;Na\u0161 brend&#8221; tab_id=&#8221;unsere-marke&#8221; el_class=&#8221;tab-name&#8221;][vc_column_text el_class=&#8221;tab-text&#8221; css=&#8221;.vc_custom_1659966701457{padding-top: 20px !important;padding-right: 20px !important;padding-bottom: 163px !important;padding-left: 20px !important;}&#8221;]<strong>TIP TOP Clean&amp;Care<\/strong> je brand koji u svom portofoliju ima \u0161irok izbor kvalitetnih, moderno dizajniranih i cjenovno prilago\u0111enih artikala koji mogu zadovoljiti potrebe i najzahtjevnijih kupaca.<\/p>\n<p>Inspirisani potrebama na\u0161ih kupaca i osve\u017eeni modernim dizajnom mladih talentovanih dizajnera.<\/p>\n<p>Trudimo se da svakodnevno ja\u010damo svoju poziciju sa svim na\u0161im partnerima kompletnim i stabilnim asortimanom i logistikom, \u0161to je sastavni deo na\u0161e ukupne ponude.[\/vc_column_text][\/vc_tta_section][vc_tta_section title=&#8221;Dizajn&#8221; tab_id=&#8221;design&#8221; el_class=&#8221;tab-name&#8221;][vc_column_text el_class=&#8221;tab-text&#8221; css=&#8221;.vc_custom_1659693263365{padding-top: 20px !important;padding-right: 20px !important;padding-bottom: 150px !important;padding-left: 20px !important;}&#8221;]Posebno se izdvaja nova, visoko kvalitetna i sofisticirana linija profesionalnih ure\u0111aja <strong>Smart Vision<\/strong> koja pored elegantnog dizajna i prakti\u010dnih tehnolo\u0161kih rje\u0161enja, plijeni svojim futuristi\u010dkim izgledom, pametnim funkcijama i mogu\u0107nostima.<\/p>\n<p>Jasne i elegantne linije svih dr\u017ea\u010da iz ove serije, \u010dine ove ure\u0111aje jedinstvenim, posebnim i vremenski neograni\u010denim. Kroz softverska rje\u0161enja i mogu\u0107nost njihove stalne nadogradnje, ozbiljno ulazi u novu, doskora i nezamislivu dimenziju profesionalne higijene.[\/vc_column_text][\/vc_tta_section][vc_tta_section title=&#8221;Pametni ure\u0111aji&#8221; tab_id=&#8221;smart-gerate&#8221; el_class=&#8221;tab-name&#8221;][vc_column_text el_class=&#8221;tab-text&#8221; css=&#8221;.vc_custom_1659692146388{padding-top: 20px !important;padding-right: 20px !important;padding-bottom: 45px !important;padding-left: 20px !important;}&#8221;]Mogu\u0107nost upravljanja i kontrolisanja ure\u0111aja iz bilo koje svjetske destinacije putem aplikacije sa Va\u0161eg telefona ili ra\u010dunara, brzo i precizno analiziranje i dobijanje podataka o stanju i potro\u0161nji i brzi pregled svih parametara ure\u0111aja pru\u017ea sigurnost za sve korisnike i efikasno dr\u017ei tro\u0161kove pod kontrolom.<\/p>\n<p>Ovo je samo prvi korak u na\u0161oj viziji savremenih higijenskih re\u0161enja. Razvoj i pronalazak jo\u0161 boljih tehni\u010dkih re\u0161enja i softverskih re\u0161enja tek je po\u010deo\u2026 Slu\u0161ac\u0301emo va\u0161e potrebe, zajedno pronac\u0301i re\u0161enja i nastojati da kroz brzu i kvalitetnu uslugu uvek budemo va\u0161 prvi izbor.[\/vc_column_text][\/vc_tta_section][\/vc_tta_tour][\/vc_column][\/vc_row]<\/p>\n<\/section>","protected":false},"excerpt":{"rendered":"<p>[vc_row row_content_width=&#8221;grid&#8221; el_class=&#8221;uber-uns-info-element&#8221; el_id=&#8221;about-info-section&#8221;][vc_column width=&#8221;1\/2&#8221; offset=&#8221;vc_col-lg-3&#8221;][vc_empty_space height=&#8221;30px&#8221;][\/vc_column][vc_column width=&#8221;1\/2&#8221; offset=&#8221;vc_col-lg-3&#8221;][vc_empty_space height=&#8221;30px&#8221;][\/vc_column][vc_column width=&#8221;1\/2&#8221; offset=&#8221;vc_col-lg-3&#8221;][vc_empty_space height=&#8221;30px&#8221;][\/vc_column][\/vc_row][vc_row content_placement=&#8221;middle&#8221; content_text_aligment=&#8221;center&#8221; parallax_background_image=&#8221;8859&#8221; css=&#8221;.vc_custom_1675778390989{margin-bottom: 180px !important;}&#8221; el_id=&#8221;video-box-de&#8221;][vc_column][\/vc_column][\/vc_row][vc_row equal_height=&#8221;yes&#8221; content_placement=&#8221;top&#8221; content_text_aligment=&#8221;center&#8221; css=&#8221;.vc_custom_1668691281525{margin-bottom: 180px !important;}&#8221; el_id=&#8221;video-box-mobile-de&#8221;][vc_column][\/vc_column][\/vc_row][vc_row css=&#8221;.vc_custom_1659954875799{background-color: #ecf2f8 !important;}&#8221; el_id=&#8221;ab-img-team-section&#8221;][vc_column el_id=&#8221;ab-first-section&#8221;][vc_row_inner][vc_column_inner width=&#8221;1\/2&#8221; el_id=&#8221;ab-first-paragraph&#8221;][vc_column_text] Stati ispred, videti dalje, imati viziju [&hellip;]<\/p>\n","protected":false},"author":1,"featured_media":0,"parent":0,"menu_order":0,"comment_status":"closed","ping_status":"closed","template":"full-width.php","meta":{"footnotes":""},"class_list":["post-9123","page","type-page","status-publish","hentry"],"yoast_head":"<!-- This site is optimized with the Yoast SEO plugin v27.3 - https:\/\/yoast.com\/product\/yoast-seo-wordpress\/ -->\n<title>O nama - TIPTOP<\/title>\n<meta name=\"robots\" content=\"index, follow, max-snippet:-1, max-image-preview:large, max-video-preview:-1\" \/>\n<link rel=\"canonical\" href=\"https:\/\/tiptopclean.eu\/bs\/o-nama\/\" \/>\n<meta property=\"og:locale\" content=\"bs_BA\" \/>\n<meta property=\"og:type\" content=\"article\" \/>\n<meta property=\"og:title\" content=\"O nama - TIPTOP\" \/>\n<meta property=\"og:description\" content=\"[vc_row row_content_width=&#8221;grid&#8221; el_class=&#8221;uber-uns-info-element&#8221; el_id=&#8221;about-info-section&#8221;][vc_column width=&#8221;1\/2&#8221; offset=&#8221;vc_col-lg-3&#8221;][vc_empty_space height=&#8221;30px&#8221;][\/vc_column][vc_column width=&#8221;1\/2&#8221; offset=&#8221;vc_col-lg-3&#8221;][vc_empty_space height=&#8221;30px&#8221;][\/vc_column][vc_column width=&#8221;1\/2&#8221; offset=&#8221;vc_col-lg-3&#8221;][vc_empty_space height=&#8221;30px&#8221;][\/vc_column][\/vc_row][vc_row content_placement=&#8221;middle&#8221; content_text_aligment=&#8221;center&#8221; parallax_background_image=&#8221;8859&#8221; css=&#8221;.vc_custom_1675778390989{margin-bottom: 180px !important;}&#8221; el_id=&#8221;video-box-de&#8221;][vc_column][\/vc_column][\/vc_row][vc_row equal_height=&#8221;yes&#8221; content_placement=&#8221;top&#8221; content_text_aligment=&#8221;center&#8221; css=&#8221;.vc_custom_1668691281525{margin-bottom: 180px !important;}&#8221; el_id=&#8221;video-box-mobile-de&#8221;][vc_column][\/vc_column][\/vc_row][vc_row css=&#8221;.vc_custom_1659954875799{background-color: #ecf2f8 !important;}&#8221; el_id=&#8221;ab-img-team-section&#8221;][vc_column el_id=&#8221;ab-first-section&#8221;][vc_row_inner][vc_column_inner width=&#8221;1\/2&#8221; el_id=&#8221;ab-first-paragraph&#8221;][vc_column_text] Stati ispred, videti dalje, imati viziju [&hellip;]\" \/>\n<meta property=\"og:url\" content=\"https:\/\/tiptopclean.eu\/bs\/o-nama\/\" \/>\n<meta property=\"og:site_name\" content=\"TIPTOP\" \/>\n<meta property=\"article:modified_time\" content=\"2023-04-03T07:49:52+00:00\" \/>\n<meta name=\"twitter:card\" content=\"summary_large_image\" \/>\n<meta name=\"twitter:label1\" content=\"Est. reading time\" \/>\n\t<meta name=\"twitter:data1\" content=\"3 minute\" \/>\n<script type=\"application\/ld+json\" class=\"yoast-schema-graph\">{\"@context\":\"https:\\\/\\\/schema.org\",\"@graph\":[{\"@type\":\"WebPage\",\"@id\":\"https:\\\/\\\/tiptopclean.eu\\\/bs\\\/o-nama\\\/\",\"url\":\"https:\\\/\\\/tiptopclean.eu\\\/bs\\\/o-nama\\\/\",\"name\":\"O nama - TIPTOP\",\"isPartOf\":{\"@id\":\"https:\\\/\\\/tiptopclean.eu\\\/#website\"},\"datePublished\":\"2018-05-17T09:56:06+00:00\",\"dateModified\":\"2023-04-03T07:49:52+00:00\",\"breadcrumb\":{\"@id\":\"https:\\\/\\\/tiptopclean.eu\\\/bs\\\/o-nama\\\/#breadcrumb\"},\"inLanguage\":\"bs-BA\",\"potentialAction\":[{\"@type\":\"ReadAction\",\"target\":[\"https:\\\/\\\/tiptopclean.eu\\\/bs\\\/o-nama\\\/\"]}]},{\"@type\":\"BreadcrumbList\",\"@id\":\"https:\\\/\\\/tiptopclean.eu\\\/bs\\\/o-nama\\\/#breadcrumb\",\"itemListElement\":[{\"@type\":\"ListItem\",\"position\":1,\"name\":\"Startseite\",\"item\":\"https:\\\/\\\/tiptopclean.eu\\\/bs\\\/\"},{\"@type\":\"ListItem\",\"position\":2,\"name\":\"O nama\"}]},{\"@type\":\"WebSite\",\"@id\":\"https:\\\/\\\/tiptopclean.eu\\\/#website\",\"url\":\"https:\\\/\\\/tiptopclean.eu\\\/\",\"name\":\"TIPTOP\",\"description\":\"Clean &amp; Care\",\"potentialAction\":[{\"@type\":\"SearchAction\",\"target\":{\"@type\":\"EntryPoint\",\"urlTemplate\":\"https:\\\/\\\/tiptopclean.eu\\\/?s={search_term_string}\"},\"query-input\":{\"@type\":\"PropertyValueSpecification\",\"valueRequired\":true,\"valueName\":\"search_term_string\"}}],\"inLanguage\":\"bs-BA\"}]}<\/script>\n<!-- \/ Yoast SEO plugin. -->","yoast_head_json":{"title":"O nama - TIPTOP","robots":{"index":"index","follow":"follow","max-snippet":"max-snippet:-1","max-image-preview":"max-image-preview:large","max-video-preview":"max-video-preview:-1"},"canonical":"https:\/\/tiptopclean.eu\/bs\/o-nama\/","og_locale":"bs_BA","og_type":"article","og_title":"O nama - TIPTOP","og_description":"[vc_row row_content_width=&#8221;grid&#8221; el_class=&#8221;uber-uns-info-element&#8221; el_id=&#8221;about-info-section&#8221;][vc_column width=&#8221;1\/2&#8221; offset=&#8221;vc_col-lg-3&#8221;][vc_empty_space height=&#8221;30px&#8221;][\/vc_column][vc_column width=&#8221;1\/2&#8221; offset=&#8221;vc_col-lg-3&#8221;][vc_empty_space height=&#8221;30px&#8221;][\/vc_column][vc_column width=&#8221;1\/2&#8221; offset=&#8221;vc_col-lg-3&#8221;][vc_empty_space height=&#8221;30px&#8221;][\/vc_column][\/vc_row][vc_row content_placement=&#8221;middle&#8221; content_text_aligment=&#8221;center&#8221; parallax_background_image=&#8221;8859&#8221; css=&#8221;.vc_custom_1675778390989{margin-bottom: 180px !important;}&#8221; el_id=&#8221;video-box-de&#8221;][vc_column][\/vc_column][\/vc_row][vc_row equal_height=&#8221;yes&#8221; content_placement=&#8221;top&#8221; content_text_aligment=&#8221;center&#8221; css=&#8221;.vc_custom_1668691281525{margin-bottom: 180px !important;}&#8221; el_id=&#8221;video-box-mobile-de&#8221;][vc_column][\/vc_column][\/vc_row][vc_row css=&#8221;.vc_custom_1659954875799{background-color: #ecf2f8 !important;}&#8221; el_id=&#8221;ab-img-team-section&#8221;][vc_column el_id=&#8221;ab-first-section&#8221;][vc_row_inner][vc_column_inner width=&#8221;1\/2&#8221; el_id=&#8221;ab-first-paragraph&#8221;][vc_column_text] Stati ispred, videti dalje, imati viziju [&hellip;]","og_url":"https:\/\/tiptopclean.eu\/bs\/o-nama\/","og_site_name":"TIPTOP","article_modified_time":"2023-04-03T07:49:52+00:00","twitter_card":"summary_large_image","twitter_misc":{"Est. reading time":"3 minute"},"schema":{"@context":"https:\/\/schema.org","@graph":[{"@type":"WebPage","@id":"https:\/\/tiptopclean.eu\/bs\/o-nama\/","url":"https:\/\/tiptopclean.eu\/bs\/o-nama\/","name":"O nama - TIPTOP","isPartOf":{"@id":"https:\/\/tiptopclean.eu\/#website"},"datePublished":"2018-05-17T09:56:06+00:00","dateModified":"2023-04-03T07:49:52+00:00","breadcrumb":{"@id":"https:\/\/tiptopclean.eu\/bs\/o-nama\/#breadcrumb"},"inLanguage":"bs-BA","potentialAction":[{"@type":"ReadAction","target":["https:\/\/tiptopclean.eu\/bs\/o-nama\/"]}]},{"@type":"BreadcrumbList","@id":"https:\/\/tiptopclean.eu\/bs\/o-nama\/#breadcrumb","itemListElement":[{"@type":"ListItem","position":1,"name":"Startseite","item":"https:\/\/tiptopclean.eu\/bs\/"},{"@type":"ListItem","position":2,"name":"O nama"}]},{"@type":"WebSite","@id":"https:\/\/tiptopclean.eu\/#website","url":"https:\/\/tiptopclean.eu\/","name":"TIPTOP","description":"Clean &amp; Care","potentialAction":[{"@type":"SearchAction","target":{"@type":"EntryPoint","urlTemplate":"https:\/\/tiptopclean.eu\/?s={search_term_string}"},"query-input":{"@type":"PropertyValueSpecification","valueRequired":true,"valueName":"search_term_string"}}],"inLanguage":"bs-BA"}]}},"_links":{"self":[{"href":"https:\/\/tiptopclean.eu\/bs\/wp-json\/wp\/v2\/pages\/9123","targetHints":{"allow":["GET"]}}],"collection":[{"href":"https:\/\/tiptopclean.eu\/bs\/wp-json\/wp\/v2\/pages"}],"about":[{"href":"https:\/\/tiptopclean.eu\/bs\/wp-json\/wp\/v2\/types\/page"}],"author":[{"embeddable":true,"href":"https:\/\/tiptopclean.eu\/bs\/wp-json\/wp\/v2\/users\/1"}],"replies":[{"embeddable":true,"href":"https:\/\/tiptopclean.eu\/bs\/wp-json\/wp\/v2\/comments?post=9123"}],"version-history":[{"count":11,"href":"https:\/\/tiptopclean.eu\/bs\/wp-json\/wp\/v2\/pages\/9123\/revisions"}],"predecessor-version":[{"id":11171,"href":"https:\/\/tiptopclean.eu\/bs\/wp-json\/wp\/v2\/pages\/9123\/revisions\/11171"}],"wp:attachment":[{"href":"https:\/\/tiptopclean.eu\/bs\/wp-json\/wp\/v2\/media?parent=9123"}],"curies":[{"name":"wp","href":"https:\/\/api.w.org\/{rel}","templated":true}]}}