{"id":9146,"date":"2022-09-06T09:05:59","date_gmt":"2022-09-06T08:05:59","guid":{"rendered":"https:\/\/wk9jkespzd.onrocket.site\/product\/papir-za-ruke-u-rolni\/"},"modified":"2023-03-23T13:11:09","modified_gmt":"2023-03-23T12:11:09","slug":"handtuchrolle","status":"publish","type":"product","link":"https:\/\/tiptopclean.eu\/bs\/shop\/punjenja-bs\/handtuchrolle\/","title":{"rendered":"Papir za ruke u rolni 140m"},"content":{"rendered":"","protected":false},"excerpt":{"rendered":"<ul>\n<li><span class=\"fontstyle0\">Materijal: 100 % Celuloza<br \/>\n<\/span><\/li>\n<li><span class=\"fontstyle0\">Slojeva: 2<br \/>\n<\/span><\/li>\n<li><span class=\"fontstyle0\">GSM po sloju: 20 g\/m2<br \/>\n<\/span><\/li>\n<li><span class=\"fontstyle0\">\u0160irina rolne: 19.6 cm<br \/>\n<\/span><\/li>\n<li><span class=\"fontstyle0\">Du\u017eina: 140 m<br \/>\n<\/span><\/li>\n<li><span class=\"fontstyle0\">Pre\u010dnik rolne: 18.5 cm<br \/>\n<\/span><\/li>\n<li><span class=\"fontstyle0\">Unutra\u0161nji (otvor) pre\u010dnik: 40 mm<br \/>\n<\/span><\/li>\n<li><span class=\"fontstyle0\">Boja: Bistrobijela<br \/>\n<\/span><\/li>\n<li><span class=\"fontstyle0\">Utiskivanje: Mikro<br \/>\n<\/span><\/li>\n<li><span class=\"fontstyle0\">Rolni u pakovanju: 6<\/span><\/li>\n<\/ul>\n<p><a class=\"popup-button-bih-papir-za-ruke-rolna-p10-p30-1\" href=\"#\"><strong><br \/>\nTEHNI\u010cKE SPECIFIKACIJE<\/strong><\/a><i class=\"fa\" style=\"font-size: 24px;\">\uf1c1<\/i><\/p>\n<p><a href=\"\/kontakt\/\"><strong><br \/>\nZATRA\u017dI PONUDU<\/strong><\/a><\/p>\n","protected":false},"featured_media":10766,"template":"","meta":[],"product_brand":[],"product_cat":[326,337,335],"product_tag":[],"class_list":{"0":"post-9146","1":"product","2":"type-product","3":"status-publish","4":"has-post-thumbnail","6":"product_cat-punjenja-bs","7":"product_cat-rolne-na-senzor-bs","8":"product_cat-rolne-papira-za-ruke-bs","10":"first","11":"instock","12":"shipping-taxable","13":"product-type-simple"},"yoast_head":"<!-- This site is optimized with the Yoast SEO plugin v27.3 - https:\/\/yoast.com\/product\/yoast-seo-wordpress\/ -->\n<title>Papir za ruke u rolni 140m - TIPTOP<\/title>\n<meta name=\"robots\" content=\"index, follow, max-snippet:-1, max-image-preview:large, max-video-preview:-1\" \/>\n<link rel=\"canonical\" href=\"https:\/\/tiptopclean.eu\/shop\/verbrauchsmaterialien\/handtuchrollen\/handtuchrolle\/\" \/>\n<meta property=\"og:locale\" content=\"bs_BA\" \/>\n<meta property=\"og:type\" content=\"article\" \/>\n<meta property=\"og:title\" content=\"Papir za ruke u rolni 140m - TIPTOP\" \/>\n<meta property=\"og:description\" content=\"Materijal: 100 % Celuloza   Slojeva: 2   GSM po sloju: 20 g\/m2   \u0160irina rolne: 19.6 cm   Du\u017eina: 140 m   Pre\u010dnik rolne: 18.5 cm   Unutra\u0161nji (otvor) pre\u010dnik: 40 mm   Boja: Bistrobijela   Utiskivanje: Mikro   Rolni u pakovanju: 6   TEHNI\u010cKE SPECIFIKACIJE\uf1c1   ZATRA\u017dI PONUDU\" \/>\n<meta property=\"og:url\" content=\"https:\/\/tiptopclean.eu\/shop\/verbrauchsmaterialien\/handtuchrollen\/handtuchrolle\/\" \/>\n<meta property=\"og:site_name\" content=\"TIPTOP\" \/>\n<meta property=\"article:modified_time\" content=\"2023-03-23T12:11:09+00:00\" \/>\n<meta property=\"og:image\" content=\"https:\/\/tiptopclean.eu\/wp-content\/uploads\/2022\/09\/402637-RF.jpg\" \/>\n\t<meta property=\"og:image:width\" content=\"1200\" \/>\n\t<meta property=\"og:image:height\" content=\"1200\" \/>\n\t<meta property=\"og:image:type\" content=\"image\/jpeg\" \/>\n<meta name=\"twitter:card\" content=\"summary_large_image\" \/>\n<script type=\"application\/ld+json\" class=\"yoast-schema-graph\">{\"@context\":\"https:\\\/\\\/schema.org\",\"@graph\":[{\"@type\":\"WebPage\",\"@id\":\"https:\\\/\\\/tiptopclean.eu\\\/shop\\\/verbrauchsmaterialien\\\/handtuchrollen\\\/handtuchrolle\\\/\",\"url\":\"https:\\\/\\\/tiptopclean.eu\\\/shop\\\/verbrauchsmaterialien\\\/handtuchrollen\\\/handtuchrolle\\\/\",\"name\":\"Papir za ruke u rolni 140m - TIPTOP\",\"isPartOf\":{\"@id\":\"https:\\\/\\\/tiptopclean.eu\\\/#website\"},\"primaryImageOfPage\":{\"@id\":\"https:\\\/\\\/tiptopclean.eu\\\/shop\\\/verbrauchsmaterialien\\\/handtuchrollen\\\/handtuchrolle\\\/#primaryimage\"},\"image\":{\"@id\":\"https:\\\/\\\/tiptopclean.eu\\\/shop\\\/verbrauchsmaterialien\\\/handtuchrollen\\\/handtuchrolle\\\/#primaryimage\"},\"thumbnailUrl\":\"https:\\\/\\\/tiptopclean.eu\\\/wp-content\\\/uploads\\\/2022\\\/09\\\/402637-RF.jpg\",\"datePublished\":\"2022-09-06T08:05:59+00:00\",\"dateModified\":\"2023-03-23T12:11:09+00:00\",\"breadcrumb\":{\"@id\":\"https:\\\/\\\/tiptopclean.eu\\\/shop\\\/verbrauchsmaterialien\\\/handtuchrollen\\\/handtuchrolle\\\/#breadcrumb\"},\"inLanguage\":\"bs-BA\",\"potentialAction\":[{\"@type\":\"ReadAction\",\"target\":[\"https:\\\/\\\/tiptopclean.eu\\\/shop\\\/verbrauchsmaterialien\\\/handtuchrollen\\\/handtuchrolle\\\/\"]}]},{\"@type\":\"ImageObject\",\"inLanguage\":\"bs-BA\",\"@id\":\"https:\\\/\\\/tiptopclean.eu\\\/shop\\\/verbrauchsmaterialien\\\/handtuchrollen\\\/handtuchrolle\\\/#primaryimage\",\"url\":\"https:\\\/\\\/tiptopclean.eu\\\/wp-content\\\/uploads\\\/2022\\\/09\\\/402637-RF.jpg\",\"contentUrl\":\"https:\\\/\\\/tiptopclean.eu\\\/wp-content\\\/uploads\\\/2022\\\/09\\\/402637-RF.jpg\",\"width\":1200,\"height\":1200},{\"@type\":\"BreadcrumbList\",\"@id\":\"https:\\\/\\\/tiptopclean.eu\\\/shop\\\/verbrauchsmaterialien\\\/handtuchrollen\\\/handtuchrolle\\\/#breadcrumb\",\"itemListElement\":[{\"@type\":\"ListItem\",\"position\":1,\"name\":\"Startseite\",\"item\":\"https:\\\/\\\/tiptopclean.eu\\\/bs\\\/\"},{\"@type\":\"ListItem\",\"position\":2,\"name\":\"Shop\",\"item\":\"https:\\\/\\\/tiptopclean.eu\\\/shop\\\/\"},{\"@type\":\"ListItem\",\"position\":3,\"name\":\"Papir za ruke u rolni 140m\"}]},{\"@type\":\"WebSite\",\"@id\":\"https:\\\/\\\/tiptopclean.eu\\\/#website\",\"url\":\"https:\\\/\\\/tiptopclean.eu\\\/\",\"name\":\"TIPTOP\",\"description\":\"Clean &amp; Care\",\"potentialAction\":[{\"@type\":\"SearchAction\",\"target\":{\"@type\":\"EntryPoint\",\"urlTemplate\":\"https:\\\/\\\/tiptopclean.eu\\\/?s={search_term_string}\"},\"query-input\":{\"@type\":\"PropertyValueSpecification\",\"valueRequired\":true,\"valueName\":\"search_term_string\"}}],\"inLanguage\":\"bs-BA\"}]}<\/script>\n<!-- \/ Yoast SEO plugin. -->","yoast_head_json":{"title":"Papir za ruke u rolni 140m - TIPTOP","robots":{"index":"index","follow":"follow","max-snippet":"max-snippet:-1","max-image-preview":"max-image-preview:large","max-video-preview":"max-video-preview:-1"},"canonical":"https:\/\/tiptopclean.eu\/shop\/verbrauchsmaterialien\/handtuchrollen\/handtuchrolle\/","og_locale":"bs_BA","og_type":"article","og_title":"Papir za ruke u rolni 140m - TIPTOP","og_description":"Materijal: 100 % Celuloza   Slojeva: 2   GSM po sloju: 20 g\/m2   \u0160irina rolne: 19.6 cm   Du\u017eina: 140 m   Pre\u010dnik rolne: 18.5 cm   Unutra\u0161nji (otvor) pre\u010dnik: 40 mm   Boja: Bistrobijela   Utiskivanje: Mikro   Rolni u pakovanju: 6   TEHNI\u010cKE SPECIFIKACIJE\uf1c1   ZATRA\u017dI PONUDU","og_url":"https:\/\/tiptopclean.eu\/shop\/verbrauchsmaterialien\/handtuchrollen\/handtuchrolle\/","og_site_name":"TIPTOP","article_modified_time":"2023-03-23T12:11:09+00:00","og_image":[{"width":1200,"height":1200,"url":"https:\/\/tiptopclean.eu\/wp-content\/uploads\/2022\/09\/402637-RF.jpg","type":"image\/jpeg"}],"twitter_card":"summary_large_image","schema":{"@context":"https:\/\/schema.org","@graph":[{"@type":"WebPage","@id":"https:\/\/tiptopclean.eu\/shop\/verbrauchsmaterialien\/handtuchrollen\/handtuchrolle\/","url":"https:\/\/tiptopclean.eu\/shop\/verbrauchsmaterialien\/handtuchrollen\/handtuchrolle\/","name":"Papir za ruke u rolni 140m - TIPTOP","isPartOf":{"@id":"https:\/\/tiptopclean.eu\/#website"},"primaryImageOfPage":{"@id":"https:\/\/tiptopclean.eu\/shop\/verbrauchsmaterialien\/handtuchrollen\/handtuchrolle\/#primaryimage"},"image":{"@id":"https:\/\/tiptopclean.eu\/shop\/verbrauchsmaterialien\/handtuchrollen\/handtuchrolle\/#primaryimage"},"thumbnailUrl":"https:\/\/tiptopclean.eu\/wp-content\/uploads\/2022\/09\/402637-RF.jpg","datePublished":"2022-09-06T08:05:59+00:00","dateModified":"2023-03-23T12:11:09+00:00","breadcrumb":{"@id":"https:\/\/tiptopclean.eu\/shop\/verbrauchsmaterialien\/handtuchrollen\/handtuchrolle\/#breadcrumb"},"inLanguage":"bs-BA","potentialAction":[{"@type":"ReadAction","target":["https:\/\/tiptopclean.eu\/shop\/verbrauchsmaterialien\/handtuchrollen\/handtuchrolle\/"]}]},{"@type":"ImageObject","inLanguage":"bs-BA","@id":"https:\/\/tiptopclean.eu\/shop\/verbrauchsmaterialien\/handtuchrollen\/handtuchrolle\/#primaryimage","url":"https:\/\/tiptopclean.eu\/wp-content\/uploads\/2022\/09\/402637-RF.jpg","contentUrl":"https:\/\/tiptopclean.eu\/wp-content\/uploads\/2022\/09\/402637-RF.jpg","width":1200,"height":1200},{"@type":"BreadcrumbList","@id":"https:\/\/tiptopclean.eu\/shop\/verbrauchsmaterialien\/handtuchrollen\/handtuchrolle\/#breadcrumb","itemListElement":[{"@type":"ListItem","position":1,"name":"Startseite","item":"https:\/\/tiptopclean.eu\/bs\/"},{"@type":"ListItem","position":2,"name":"Shop","item":"https:\/\/tiptopclean.eu\/shop\/"},{"@type":"ListItem","position":3,"name":"Papir za ruke u rolni 140m"}]},{"@type":"WebSite","@id":"https:\/\/tiptopclean.eu\/#website","url":"https:\/\/tiptopclean.eu\/","name":"TIPTOP","description":"Clean &amp; Care","potentialAction":[{"@type":"SearchAction","target":{"@type":"EntryPoint","urlTemplate":"https:\/\/tiptopclean.eu\/?s={search_term_string}"},"query-input":{"@type":"PropertyValueSpecification","valueRequired":true,"valueName":"search_term_string"}}],"inLanguage":"bs-BA"}]}},"_links":{"self":[{"href":"https:\/\/tiptopclean.eu\/bs\/wp-json\/wp\/v2\/product\/9146","targetHints":{"allow":["GET"]}}],"collection":[{"href":"https:\/\/tiptopclean.eu\/bs\/wp-json\/wp\/v2\/product"}],"about":[{"href":"https:\/\/tiptopclean.eu\/bs\/wp-json\/wp\/v2\/types\/product"}],"wp:featuredmedia":[{"embeddable":true,"href":"https:\/\/tiptopclean.eu\/bs\/wp-json\/wp\/v2\/media\/10766"}],"wp:attachment":[{"href":"https:\/\/tiptopclean.eu\/bs\/wp-json\/wp\/v2\/media?parent=9146"}],"wp:term":[{"taxonomy":"product_brand","embeddable":true,"href":"https:\/\/tiptopclean.eu\/bs\/wp-json\/wp\/v2\/product_brand?post=9146"},{"taxonomy":"product_cat","embeddable":true,"href":"https:\/\/tiptopclean.eu\/bs\/wp-json\/wp\/v2\/product_cat?post=9146"},{"taxonomy":"product_tag","embeddable":true,"href":"https:\/\/tiptopclean.eu\/bs\/wp-json\/wp\/v2\/product_tag?post=9146"}],"curies":[{"name":"wp","href":"https:\/\/api.w.org\/{rel}","templated":true}]}}