{"id":9659,"date":"2023-02-27T07:48:19","date_gmt":"2023-02-27T06:48:19","guid":{"rendered":"https:\/\/wk9jkespzd.onrocket.site\/product\/osvjezivac-pisoara-ocean-fresh\/"},"modified":"2023-02-27T07:57:17","modified_gmt":"2023-02-27T06:57:17","slug":"urinal-lufterfrischer-ocean-fresh","status":"publish","type":"product","link":"https:\/\/tiptopclean.eu\/bs\/shop\/punjenja-bs\/urinal-lufterfrischer-ocean-fresh\/","title":{"rendered":"Osvje\u017eiva\u010d pisoara &#8220;Ocean Fresh&#8221;"},"content":{"rendered":"","protected":false},"excerpt":{"rendered":"<p>\u2022 Smanjuje neugodne mirise &#8211; mirisni aditiv odr\u017eava pisoar svje\u017eim do 30 dana.<br \/>\n\u2022 Pametan dizajn &#8211; jedinstveni mre\u017easti dizajn spre\u010dava prskanje. Inovativna tekstura pod uglom protiv prskanja odr\u017eava podru\u010dje pisoara \u010distim.<br \/>\n\u2022 Jednostavna zamjena &#8211; integrisana ru\u010dka zna\u010di brzu i laku zamjenu.<br \/>\n\u2022 Fleksibilan dizajn &#8211; svojstvo da sprije\u010di klizanje poma\u017ee u odr\u017eavanju optimalnog polo\u017eaja.<br \/>\n\u2022 Isplativo, \u0161tedi novac bez dodatnog za\u010depljenja odvoda.<\/p>\n<p><a href=\"\/bs\/kontakt-2\/\"><strong><br \/>\nZATRA\u017dI PONUDU<\/strong><\/a><\/p>\n","protected":false},"featured_media":9627,"template":"","meta":[],"product_brand":[],"product_cat":[331,326],"product_tag":[],"class_list":{"0":"post-9659","1":"product","2":"type-product","3":"status-publish","4":"has-post-thumbnail","6":"product_cat-mirisi-bs","7":"product_cat-punjenja-bs","9":"first","10":"instock","11":"shipping-taxable","12":"product-type-simple"},"yoast_head":"<!-- This site is optimized with the Yoast SEO plugin v27.3 - https:\/\/yoast.com\/product\/yoast-seo-wordpress\/ -->\n<title>Osvje\u017eiva\u010d pisoara &quot;Ocean Fresh&quot; - TIPTOP<\/title>\n<meta name=\"robots\" content=\"index, follow, max-snippet:-1, max-image-preview:large, max-video-preview:-1\" \/>\n<link rel=\"canonical\" href=\"https:\/\/tiptopclean.eu\/shop\/verbrauchsmaterialien\/dufte\/urinal-lufterfrischer-ocean-fresh\/\" \/>\n<meta property=\"og:locale\" content=\"bs_BA\" \/>\n<meta property=\"og:type\" content=\"article\" \/>\n<meta property=\"og:title\" content=\"Osvje\u017eiva\u010d pisoara &quot;Ocean Fresh&quot; - TIPTOP\" \/>\n<meta property=\"og:description\" content=\"\u2022 Smanjuje neugodne mirise - mirisni aditiv odr\u017eava pisoar svje\u017eim do 30 dana. \u2022 Pametan dizajn - jedinstveni mre\u017easti dizajn spre\u010dava prskanje. Inovativna tekstura pod uglom protiv prskanja odr\u017eava podru\u010dje pisoara \u010distim. \u2022 Jednostavna zamjena - integrisana ru\u010dka zna\u010di brzu i laku zamjenu. \u2022 Fleksibilan dizajn - svojstvo da sprije\u010di klizanje poma\u017ee u odr\u017eavanju optimalnog polo\u017eaja. \u2022 Isplativo, \u0161tedi novac bez dodatnog za\u010depljenja odvoda.   ZATRA\u017dI PONUDU\" \/>\n<meta property=\"og:url\" content=\"https:\/\/tiptopclean.eu\/shop\/verbrauchsmaterialien\/dufte\/urinal-lufterfrischer-ocean-fresh\/\" \/>\n<meta property=\"og:site_name\" content=\"TIPTOP\" \/>\n<meta property=\"article:modified_time\" content=\"2023-02-27T06:57:17+00:00\" \/>\n<meta property=\"og:image\" content=\"https:\/\/tiptopclean.eu\/wp-content\/uploads\/2023\/02\/3871284037245.jpg\" \/>\n\t<meta property=\"og:image:width\" content=\"2400\" \/>\n\t<meta property=\"og:image:height\" content=\"2400\" \/>\n\t<meta property=\"og:image:type\" content=\"image\/jpeg\" \/>\n<meta name=\"twitter:card\" content=\"summary_large_image\" \/>\n<script type=\"application\/ld+json\" class=\"yoast-schema-graph\">{\"@context\":\"https:\\\/\\\/schema.org\",\"@graph\":[{\"@type\":\"WebPage\",\"@id\":\"https:\\\/\\\/tiptopclean.eu\\\/shop\\\/verbrauchsmaterialien\\\/dufte\\\/urinal-lufterfrischer-ocean-fresh\\\/\",\"url\":\"https:\\\/\\\/tiptopclean.eu\\\/shop\\\/verbrauchsmaterialien\\\/dufte\\\/urinal-lufterfrischer-ocean-fresh\\\/\",\"name\":\"Osvje\u017eiva\u010d pisoara \\\"Ocean Fresh\\\" - TIPTOP\",\"isPartOf\":{\"@id\":\"https:\\\/\\\/tiptopclean.eu\\\/#website\"},\"primaryImageOfPage\":{\"@id\":\"https:\\\/\\\/tiptopclean.eu\\\/shop\\\/verbrauchsmaterialien\\\/dufte\\\/urinal-lufterfrischer-ocean-fresh\\\/#primaryimage\"},\"image\":{\"@id\":\"https:\\\/\\\/tiptopclean.eu\\\/shop\\\/verbrauchsmaterialien\\\/dufte\\\/urinal-lufterfrischer-ocean-fresh\\\/#primaryimage\"},\"thumbnailUrl\":\"https:\\\/\\\/tiptopclean.eu\\\/wp-content\\\/uploads\\\/2023\\\/02\\\/3871284037245.jpg\",\"datePublished\":\"2023-02-27T06:48:19+00:00\",\"dateModified\":\"2023-02-27T06:57:17+00:00\",\"breadcrumb\":{\"@id\":\"https:\\\/\\\/tiptopclean.eu\\\/shop\\\/verbrauchsmaterialien\\\/dufte\\\/urinal-lufterfrischer-ocean-fresh\\\/#breadcrumb\"},\"inLanguage\":\"bs-BA\",\"potentialAction\":[{\"@type\":\"ReadAction\",\"target\":[\"https:\\\/\\\/tiptopclean.eu\\\/shop\\\/verbrauchsmaterialien\\\/dufte\\\/urinal-lufterfrischer-ocean-fresh\\\/\"]}]},{\"@type\":\"ImageObject\",\"inLanguage\":\"bs-BA\",\"@id\":\"https:\\\/\\\/tiptopclean.eu\\\/shop\\\/verbrauchsmaterialien\\\/dufte\\\/urinal-lufterfrischer-ocean-fresh\\\/#primaryimage\",\"url\":\"https:\\\/\\\/tiptopclean.eu\\\/wp-content\\\/uploads\\\/2023\\\/02\\\/3871284037245.jpg\",\"contentUrl\":\"https:\\\/\\\/tiptopclean.eu\\\/wp-content\\\/uploads\\\/2023\\\/02\\\/3871284037245.jpg\",\"width\":2400,\"height\":2400},{\"@type\":\"BreadcrumbList\",\"@id\":\"https:\\\/\\\/tiptopclean.eu\\\/shop\\\/verbrauchsmaterialien\\\/dufte\\\/urinal-lufterfrischer-ocean-fresh\\\/#breadcrumb\",\"itemListElement\":[{\"@type\":\"ListItem\",\"position\":1,\"name\":\"Startseite\",\"item\":\"https:\\\/\\\/tiptopclean.eu\\\/bs\\\/\"},{\"@type\":\"ListItem\",\"position\":2,\"name\":\"Shop\",\"item\":\"https:\\\/\\\/tiptopclean.eu\\\/shop\\\/\"},{\"@type\":\"ListItem\",\"position\":3,\"name\":\"Osvje\u017eiva\u010d pisoara \u201cOcean Fresh\u201d\"}]},{\"@type\":\"WebSite\",\"@id\":\"https:\\\/\\\/tiptopclean.eu\\\/#website\",\"url\":\"https:\\\/\\\/tiptopclean.eu\\\/\",\"name\":\"TIPTOP\",\"description\":\"Clean &amp; Care\",\"potentialAction\":[{\"@type\":\"SearchAction\",\"target\":{\"@type\":\"EntryPoint\",\"urlTemplate\":\"https:\\\/\\\/tiptopclean.eu\\\/?s={search_term_string}\"},\"query-input\":{\"@type\":\"PropertyValueSpecification\",\"valueRequired\":true,\"valueName\":\"search_term_string\"}}],\"inLanguage\":\"bs-BA\"}]}<\/script>\n<!-- \/ Yoast SEO plugin. -->","yoast_head_json":{"title":"Osvje\u017eiva\u010d pisoara \"Ocean Fresh\" - TIPTOP","robots":{"index":"index","follow":"follow","max-snippet":"max-snippet:-1","max-image-preview":"max-image-preview:large","max-video-preview":"max-video-preview:-1"},"canonical":"https:\/\/tiptopclean.eu\/shop\/verbrauchsmaterialien\/dufte\/urinal-lufterfrischer-ocean-fresh\/","og_locale":"bs_BA","og_type":"article","og_title":"Osvje\u017eiva\u010d pisoara \"Ocean Fresh\" - TIPTOP","og_description":"\u2022 Smanjuje neugodne mirise - mirisni aditiv odr\u017eava pisoar svje\u017eim do 30 dana. \u2022 Pametan dizajn - jedinstveni mre\u017easti dizajn spre\u010dava prskanje. Inovativna tekstura pod uglom protiv prskanja odr\u017eava podru\u010dje pisoara \u010distim. \u2022 Jednostavna zamjena - integrisana ru\u010dka zna\u010di brzu i laku zamjenu. \u2022 Fleksibilan dizajn - svojstvo da sprije\u010di klizanje poma\u017ee u odr\u017eavanju optimalnog polo\u017eaja. \u2022 Isplativo, \u0161tedi novac bez dodatnog za\u010depljenja odvoda.   ZATRA\u017dI PONUDU","og_url":"https:\/\/tiptopclean.eu\/shop\/verbrauchsmaterialien\/dufte\/urinal-lufterfrischer-ocean-fresh\/","og_site_name":"TIPTOP","article_modified_time":"2023-02-27T06:57:17+00:00","og_image":[{"width":2400,"height":2400,"url":"https:\/\/tiptopclean.eu\/wp-content\/uploads\/2023\/02\/3871284037245.jpg","type":"image\/jpeg"}],"twitter_card":"summary_large_image","schema":{"@context":"https:\/\/schema.org","@graph":[{"@type":"WebPage","@id":"https:\/\/tiptopclean.eu\/shop\/verbrauchsmaterialien\/dufte\/urinal-lufterfrischer-ocean-fresh\/","url":"https:\/\/tiptopclean.eu\/shop\/verbrauchsmaterialien\/dufte\/urinal-lufterfrischer-ocean-fresh\/","name":"Osvje\u017eiva\u010d pisoara \"Ocean Fresh\" - TIPTOP","isPartOf":{"@id":"https:\/\/tiptopclean.eu\/#website"},"primaryImageOfPage":{"@id":"https:\/\/tiptopclean.eu\/shop\/verbrauchsmaterialien\/dufte\/urinal-lufterfrischer-ocean-fresh\/#primaryimage"},"image":{"@id":"https:\/\/tiptopclean.eu\/shop\/verbrauchsmaterialien\/dufte\/urinal-lufterfrischer-ocean-fresh\/#primaryimage"},"thumbnailUrl":"https:\/\/tiptopclean.eu\/wp-content\/uploads\/2023\/02\/3871284037245.jpg","datePublished":"2023-02-27T06:48:19+00:00","dateModified":"2023-02-27T06:57:17+00:00","breadcrumb":{"@id":"https:\/\/tiptopclean.eu\/shop\/verbrauchsmaterialien\/dufte\/urinal-lufterfrischer-ocean-fresh\/#breadcrumb"},"inLanguage":"bs-BA","potentialAction":[{"@type":"ReadAction","target":["https:\/\/tiptopclean.eu\/shop\/verbrauchsmaterialien\/dufte\/urinal-lufterfrischer-ocean-fresh\/"]}]},{"@type":"ImageObject","inLanguage":"bs-BA","@id":"https:\/\/tiptopclean.eu\/shop\/verbrauchsmaterialien\/dufte\/urinal-lufterfrischer-ocean-fresh\/#primaryimage","url":"https:\/\/tiptopclean.eu\/wp-content\/uploads\/2023\/02\/3871284037245.jpg","contentUrl":"https:\/\/tiptopclean.eu\/wp-content\/uploads\/2023\/02\/3871284037245.jpg","width":2400,"height":2400},{"@type":"BreadcrumbList","@id":"https:\/\/tiptopclean.eu\/shop\/verbrauchsmaterialien\/dufte\/urinal-lufterfrischer-ocean-fresh\/#breadcrumb","itemListElement":[{"@type":"ListItem","position":1,"name":"Startseite","item":"https:\/\/tiptopclean.eu\/bs\/"},{"@type":"ListItem","position":2,"name":"Shop","item":"https:\/\/tiptopclean.eu\/shop\/"},{"@type":"ListItem","position":3,"name":"Osvje\u017eiva\u010d pisoara \u201cOcean Fresh\u201d"}]},{"@type":"WebSite","@id":"https:\/\/tiptopclean.eu\/#website","url":"https:\/\/tiptopclean.eu\/","name":"TIPTOP","description":"Clean &amp; Care","potentialAction":[{"@type":"SearchAction","target":{"@type":"EntryPoint","urlTemplate":"https:\/\/tiptopclean.eu\/?s={search_term_string}"},"query-input":{"@type":"PropertyValueSpecification","valueRequired":true,"valueName":"search_term_string"}}],"inLanguage":"bs-BA"}]}},"_links":{"self":[{"href":"https:\/\/tiptopclean.eu\/bs\/wp-json\/wp\/v2\/product\/9659","targetHints":{"allow":["GET"]}}],"collection":[{"href":"https:\/\/tiptopclean.eu\/bs\/wp-json\/wp\/v2\/product"}],"about":[{"href":"https:\/\/tiptopclean.eu\/bs\/wp-json\/wp\/v2\/types\/product"}],"wp:featuredmedia":[{"embeddable":true,"href":"https:\/\/tiptopclean.eu\/bs\/wp-json\/wp\/v2\/media\/9627"}],"wp:attachment":[{"href":"https:\/\/tiptopclean.eu\/bs\/wp-json\/wp\/v2\/media?parent=9659"}],"wp:term":[{"taxonomy":"product_brand","embeddable":true,"href":"https:\/\/tiptopclean.eu\/bs\/wp-json\/wp\/v2\/product_brand?post=9659"},{"taxonomy":"product_cat","embeddable":true,"href":"https:\/\/tiptopclean.eu\/bs\/wp-json\/wp\/v2\/product_cat?post=9659"},{"taxonomy":"product_tag","embeddable":true,"href":"https:\/\/tiptopclean.eu\/bs\/wp-json\/wp\/v2\/product_tag?post=9659"}],"curies":[{"name":"wp","href":"https:\/\/api.w.org\/{rel}","templated":true}]}}