{"id":5358,"date":"2018-05-17T14:31:26","date_gmt":"2018-05-17T13:31:26","guid":{"rendered":"https:\/\/wk9jkespzd.onrocket.site\/faq\/"},"modified":"2023-02-07T09:54:18","modified_gmt":"2023-02-07T08:54:18","slug":"faq","status":"publish","type":"page","link":"https:\/\/tiptopclean.eu\/sr\/faq\/","title":{"rendered":"FAQ"},"content":{"rendered":"<section class=\"wpb-content-wrapper\"><p>[vc_row css=&#8220;.vc_custom_1667849681233{padding-bottom: 33px !important;}&#8220; anchor=&#8220;branding&#8220; el_id=&#8220;question-1&#8243;][vc_column]<div class=\"qodef-elements-holder   qodef-one-column  qodef-responsive-mode-768 \" ><div class=\"qodef-eh-item    \"  data-item-class=\"qodef-eh-custom-8724\" data-769-1024=\"0px 0px 0px 0px\" data-681-768=\"0px 0px 0px 0px\" data-680=\"0px 0px 0px 0px\">\n\t<div class=\"qodef-eh-item-inner\">\n\t\t<div class=\"qodef-eh-item-content qodef-eh-custom-8724\" style=\"padding: 0px 0px 0px 70px\">\n\t\t\t[vc_column_text]<\/p>\n<h3>1. Da li je moguc\u0301e kupiti proizvod direktno sa na\u0161e veb stranice?<\/h3>\n<p>[\/vc_column_text][vc_empty_space height=&#8220;8px&#8220;][vc_column_text]Direktna kupovina preko veb stranice trenutno nije moguc\u0301a. Sajt je napravljen da pru\u017ei informacije o asortimanu, novim proizvodima i njihovom potro\u0161nom materijalu, pakovanjima za dopunu, kao i da olak\u0161a kontakt sa relevantnim ljudima. Naravno, mo\u017eete naru\u010diti koristec\u0301i brojeve telefona i e-mail adrese navedene u polju \u201eKontakt\u201c.[\/vc_column_text]\t\t<\/div>\n\t<\/div>\n<\/div><\/div>[\/vc_column][\/vc_row][vc_row css=&#8220;.vc_custom_1667849546847{padding-bottom: 33px !important;}&#8220; anchor=&#8220;first&#8220; el_id=&#8220;question-2&#8243;][vc_column]<div class=\"qodef-elements-holder   qodef-one-column  qodef-responsive-mode-768 \" ><div class=\"qodef-eh-item    \"  data-item-class=\"qodef-eh-custom-8221\" data-769-1024=\"0px 0px 0px 0px\" data-681-768=\"0px 0px 0px 0px\" data-680=\"0px 0px 0px 0px\">\n\t<div class=\"qodef-eh-item-inner\">\n\t\t<div class=\"qodef-eh-item-content qodef-eh-custom-8221\" style=\"padding: 0px 0px 0px 70px\">\n\t\t\t[vc_column_text]<\/p>\n<h3>2. Kako funkcioni\u0161e naru\u010divanje proizvoda?<\/h3>\n<p>[\/vc_column_text][vc_empty_space height=&#8220;8px&#8220;][vc_column_text]Na stranici \u201eKontakt\u201c nac\u0301i c\u0301ete obrazac koji mo\u017eete popuniti da biste nas kontaktirali putem e-po\u0161te. Dodatne adrese e-po\u0161te i telefonski brojevi su navedeni ispod. Nakon unosa Va\u0161ih obaveznih podataka, na\u0161i odgovorni zaposleni c\u0301e Vas kontaktirati u najkrac\u0301em moguc\u0301em roku.[\/vc_column_text]\t\t<\/div>\n\t<\/div>\n<\/div><\/div>[\/vc_column][\/vc_row][vc_row css=&#8220;.vc_custom_1667849492429{padding-bottom: 33px !important;}&#8220; anchor=&#8220;marketing&#8220; el_id=&#8220;question-3&#8243;][vc_column]<div class=\"qodef-elements-holder   qodef-one-column  qodef-responsive-mode-768 \" ><div class=\"qodef-eh-item    \"  data-item-class=\"qodef-eh-custom-8406\" data-769-1024=\"0px 0px 0px 0px\" data-681-768=\"0px 0px 0px 0px\" data-680=\"0px 0px 0px 0px\">\n\t<div class=\"qodef-eh-item-inner\">\n\t\t<div class=\"qodef-eh-item-content qodef-eh-custom-8406\" style=\"padding: 0px 0px 0px 70px\">\n\t\t\t[vc_column_text]<\/p>\n<h3>3. Mogu li kupiti kao privatno lice?<\/h3>\n<p>[\/vc_column_text][vc_empty_space height=&#8220;8px&#8220;][vc_column_text]Na\u017ealost, kupovina je rezervisana samo za kompanije.[\/vc_column_text]\t\t<\/div>\n\t<\/div>\n<\/div><\/div>[\/vc_column][\/vc_row][vc_row css=&#8220;.vc_custom_1667849784265{padding-bottom: 70px !important;}&#8220; anchor=&#8220;positioning&#8220; el_id=&#8220;question-4&#8243;][vc_column]<div class=\"qodef-elements-holder   qodef-one-column  qodef-responsive-mode-768 \" ><div class=\"qodef-eh-item    \"  data-item-class=\"qodef-eh-custom-3221\" data-769-1024=\"0px 0px 0px 0px\" data-681-768=\"0px 0px 0px 0px\" data-680=\"0px 0px 0px 0px\">\n\t<div class=\"qodef-eh-item-inner\">\n\t\t<div class=\"qodef-eh-item-content qodef-eh-custom-3221\" style=\"padding: 0px 0px 0px 70px\">\n\t\t\t[vc_column_text]<\/p>\n<h3>4. Kako mogu da znam koje punjenje je pravo za moj proizvod?<\/h3>\n<p>[\/vc_column_text][vc_empty_space height=&#8220;8px&#8220;][vc_column_text]Ispod svakog proizvoda nalazi se PDF dokument sa tehni\u010dkim specifikacijama koje prikazuju ta\u010dno punjenje i potro\u0161ni materijal.[\/vc_column_text]\t\t<\/div>\n\t<\/div>\n<\/div><\/div>[\/vc_column][\/vc_row]<\/p>\n<\/section>","protected":false},"excerpt":{"rendered":"<p>[vc_row css=&#8220;.vc_custom_1667849681233{padding-bottom: 33px !important;}&#8220; anchor=&#8220;branding&#8220; el_id=&#8220;question-1&#8243;][vc_column][\/vc_column][\/vc_row][vc_row css=&#8220;.vc_custom_1667849546847{padding-bottom: 33px !important;}&#8220; anchor=&#8220;first&#8220; el_id=&#8220;question-2&#8243;][vc_column][\/vc_column][\/vc_row][vc_row css=&#8220;.vc_custom_1667849492429{padding-bottom: 33px !important;}&#8220; anchor=&#8220;marketing&#8220; el_id=&#8220;question-3&#8243;][vc_column][\/vc_column][\/vc_row][vc_row css=&#8220;.vc_custom_1667849784265{padding-bottom: 70px !important;}&#8220; anchor=&#8220;positioning&#8220; el_id=&#8220;question-4&#8243;][vc_column][\/vc_column][\/vc_row]<\/p>\n","protected":false},"author":1,"featured_media":0,"parent":0,"menu_order":0,"comment_status":"closed","ping_status":"closed","template":"","meta":{"footnotes":""},"class_list":["post-5358","page","type-page","status-publish","hentry"],"yoast_head":"<!-- This site is optimized with the Yoast SEO plugin v27.3 - https:\/\/yoast.com\/product\/yoast-seo-wordpress\/ -->\n<title>FAQ - TIPTOP<\/title>\n<meta name=\"robots\" content=\"index, follow, max-snippet:-1, max-image-preview:large, max-video-preview:-1\" \/>\n<link rel=\"canonical\" href=\"https:\/\/tiptopclean.eu\/faq\/\" \/>\n<meta property=\"og:locale\" content=\"sr_RS\" \/>\n<meta property=\"og:type\" content=\"article\" \/>\n<meta property=\"og:title\" content=\"FAQ - TIPTOP\" \/>\n<meta property=\"og:description\" content=\"[vc_row css=&#8220;.vc_custom_1667849681233{padding-bottom: 33px !important;}&#8220; anchor=&#8220;branding&#8220; el_id=&#8220;question-1&#8243;][vc_column][\/vc_column][\/vc_row][vc_row css=&#8220;.vc_custom_1667849546847{padding-bottom: 33px !important;}&#8220; anchor=&#8220;first&#8220; el_id=&#8220;question-2&#8243;][vc_column][\/vc_column][\/vc_row][vc_row css=&#8220;.vc_custom_1667849492429{padding-bottom: 33px !important;}&#8220; anchor=&#8220;marketing&#8220; el_id=&#8220;question-3&#8243;][vc_column][\/vc_column][\/vc_row][vc_row css=&#8220;.vc_custom_1667849784265{padding-bottom: 70px !important;}&#8220; anchor=&#8220;positioning&#8220; el_id=&#8220;question-4&#8243;][vc_column][\/vc_column][\/vc_row]\" \/>\n<meta property=\"og:url\" content=\"https:\/\/tiptopclean.eu\/faq\/\" \/>\n<meta property=\"og:site_name\" content=\"TIPTOP\" \/>\n<meta property=\"article:modified_time\" content=\"2023-02-07T08:54:18+00:00\" \/>\n<meta name=\"twitter:card\" content=\"summary_large_image\" \/>\n<meta name=\"twitter:label1\" content=\"Procenjeno vreme \u010ditanja\" \/>\n\t<meta name=\"twitter:data1\" content=\"2 minuta\" \/>\n<script type=\"application\/ld+json\" class=\"yoast-schema-graph\">{\"@context\":\"https:\\\/\\\/schema.org\",\"@graph\":[{\"@type\":\"WebPage\",\"@id\":\"https:\\\/\\\/tiptopclean.eu\\\/faq\\\/\",\"url\":\"https:\\\/\\\/tiptopclean.eu\\\/faq\\\/\",\"name\":\"FAQ - TIPTOP\",\"isPartOf\":{\"@id\":\"https:\\\/\\\/tiptopclean.eu\\\/#website\"},\"datePublished\":\"2018-05-17T13:31:26+00:00\",\"dateModified\":\"2023-02-07T08:54:18+00:00\",\"breadcrumb\":{\"@id\":\"https:\\\/\\\/tiptopclean.eu\\\/faq\\\/#breadcrumb\"},\"inLanguage\":\"sr-RS\",\"potentialAction\":[{\"@type\":\"ReadAction\",\"target\":[\"https:\\\/\\\/tiptopclean.eu\\\/faq\\\/\"]}]},{\"@type\":\"BreadcrumbList\",\"@id\":\"https:\\\/\\\/tiptopclean.eu\\\/faq\\\/#breadcrumb\",\"itemListElement\":[{\"@type\":\"ListItem\",\"position\":1,\"name\":\"Startseite\",\"item\":\"https:\\\/\\\/tiptopclean.eu\\\/\"},{\"@type\":\"ListItem\",\"position\":2,\"name\":\"FAQ\"}]},{\"@type\":\"WebSite\",\"@id\":\"https:\\\/\\\/tiptopclean.eu\\\/#website\",\"url\":\"https:\\\/\\\/tiptopclean.eu\\\/\",\"name\":\"TIPTOP\",\"description\":\"Clean &amp; Care\",\"potentialAction\":[{\"@type\":\"SearchAction\",\"target\":{\"@type\":\"EntryPoint\",\"urlTemplate\":\"https:\\\/\\\/tiptopclean.eu\\\/?s={search_term_string}\"},\"query-input\":{\"@type\":\"PropertyValueSpecification\",\"valueRequired\":true,\"valueName\":\"search_term_string\"}}],\"inLanguage\":\"sr-RS\"}]}<\/script>\n<!-- \/ Yoast SEO plugin. -->","yoast_head_json":{"title":"FAQ - TIPTOP","robots":{"index":"index","follow":"follow","max-snippet":"max-snippet:-1","max-image-preview":"max-image-preview:large","max-video-preview":"max-video-preview:-1"},"canonical":"https:\/\/tiptopclean.eu\/faq\/","og_locale":"sr_RS","og_type":"article","og_title":"FAQ - TIPTOP","og_description":"[vc_row css=&#8220;.vc_custom_1667849681233{padding-bottom: 33px !important;}&#8220; anchor=&#8220;branding&#8220; el_id=&#8220;question-1&#8243;][vc_column][\/vc_column][\/vc_row][vc_row css=&#8220;.vc_custom_1667849546847{padding-bottom: 33px !important;}&#8220; anchor=&#8220;first&#8220; el_id=&#8220;question-2&#8243;][vc_column][\/vc_column][\/vc_row][vc_row css=&#8220;.vc_custom_1667849492429{padding-bottom: 33px !important;}&#8220; anchor=&#8220;marketing&#8220; el_id=&#8220;question-3&#8243;][vc_column][\/vc_column][\/vc_row][vc_row css=&#8220;.vc_custom_1667849784265{padding-bottom: 70px !important;}&#8220; anchor=&#8220;positioning&#8220; el_id=&#8220;question-4&#8243;][vc_column][\/vc_column][\/vc_row]","og_url":"https:\/\/tiptopclean.eu\/faq\/","og_site_name":"TIPTOP","article_modified_time":"2023-02-07T08:54:18+00:00","twitter_card":"summary_large_image","twitter_misc":{"Procenjeno vreme \u010ditanja":"2 minuta"},"schema":{"@context":"https:\/\/schema.org","@graph":[{"@type":"WebPage","@id":"https:\/\/tiptopclean.eu\/faq\/","url":"https:\/\/tiptopclean.eu\/faq\/","name":"FAQ - TIPTOP","isPartOf":{"@id":"https:\/\/tiptopclean.eu\/#website"},"datePublished":"2018-05-17T13:31:26+00:00","dateModified":"2023-02-07T08:54:18+00:00","breadcrumb":{"@id":"https:\/\/tiptopclean.eu\/faq\/#breadcrumb"},"inLanguage":"sr-RS","potentialAction":[{"@type":"ReadAction","target":["https:\/\/tiptopclean.eu\/faq\/"]}]},{"@type":"BreadcrumbList","@id":"https:\/\/tiptopclean.eu\/faq\/#breadcrumb","itemListElement":[{"@type":"ListItem","position":1,"name":"Startseite","item":"https:\/\/tiptopclean.eu\/"},{"@type":"ListItem","position":2,"name":"FAQ"}]},{"@type":"WebSite","@id":"https:\/\/tiptopclean.eu\/#website","url":"https:\/\/tiptopclean.eu\/","name":"TIPTOP","description":"Clean &amp; Care","potentialAction":[{"@type":"SearchAction","target":{"@type":"EntryPoint","urlTemplate":"https:\/\/tiptopclean.eu\/?s={search_term_string}"},"query-input":{"@type":"PropertyValueSpecification","valueRequired":true,"valueName":"search_term_string"}}],"inLanguage":"sr-RS"}]}},"_links":{"self":[{"href":"https:\/\/tiptopclean.eu\/sr\/wp-json\/wp\/v2\/pages\/5358","targetHints":{"allow":["GET"]}}],"collection":[{"href":"https:\/\/tiptopclean.eu\/sr\/wp-json\/wp\/v2\/pages"}],"about":[{"href":"https:\/\/tiptopclean.eu\/sr\/wp-json\/wp\/v2\/types\/page"}],"author":[{"embeddable":true,"href":"https:\/\/tiptopclean.eu\/sr\/wp-json\/wp\/v2\/users\/1"}],"replies":[{"embeddable":true,"href":"https:\/\/tiptopclean.eu\/sr\/wp-json\/wp\/v2\/comments?post=5358"}],"version-history":[{"count":20,"href":"https:\/\/tiptopclean.eu\/sr\/wp-json\/wp\/v2\/pages\/5358\/revisions"}],"predecessor-version":[{"id":9510,"href":"https:\/\/tiptopclean.eu\/sr\/wp-json\/wp\/v2\/pages\/5358\/revisions\/9510"}],"wp:attachment":[{"href":"https:\/\/tiptopclean.eu\/sr\/wp-json\/wp\/v2\/media?parent=5358"}],"curies":[{"name":"wp","href":"https:\/\/api.w.org\/{rel}","templated":true}]}}