{"id":11449,"date":"2023-05-10T14:42:10","date_gmt":"2023-05-10T13:42:10","guid":{"rendered":"https:\/\/wk9jkespzd.onrocket.site\/product\/vision-d15\/"},"modified":"2023-05-12T13:15:28","modified_gmt":"2023-05-12T12:15:28","slug":"vision-d15","status":"publish","type":"product","link":"https:\/\/tiptopclean.eu\/sr\/shop\/uredaji\/uredaji-za-osvezivace\/vision-d15\/","title":{"rendered":"Vision D15"},"content":{"rendered":"","protected":false},"excerpt":{"rendered":"<p>\u2022 Elegantan dizajn<br \/>\n\u2022 Lako i brzo punjenje<br \/>\n\u2022 Kapacitet za 270ml<br \/>\n\u2022 Lako se programira<br \/>\n\u2022 Jednostavna monta\u017ea<br \/>\n\u2022 Mo\u017ee se zaklju\u010dati<\/p>\n<p><a class=\"popup-button-D15\" href=\"#\"><strong><br \/>\nTEHNI\u010cKE SPECIFIKACIJE<\/strong><\/a><i class=\"fa\" style=\"font-size: 24px;\">\uf1c1<\/i><\/p>\n<p><a class=\"popup-button-punjenje-srb-D15\" href=\"#\"><strong><br \/>\nPUNJENJA<\/strong><\/a><i class=\"fa\" style=\"font-size: 24px;\">\uf1c1<\/i><\/p>\n<p><a href=\"\/sr\/kontakt\/\"><strong><br \/>\nZATRA\u017dI PONUDU<\/strong><\/a><\/p>\n","protected":false},"featured_media":12461,"template":"","meta":[],"product_brand":[],"product_cat":[278,290],"product_tag":[],"class_list":{"0":"post-11449","1":"product","2":"type-product","3":"status-publish","4":"has-post-thumbnail","6":"product_cat-uredaji","7":"product_cat-uredaji-za-osvezivace","9":"first","10":"instock","11":"shipping-taxable","12":"product-type-variable"},"yoast_head":"<!-- This site is optimized with the Yoast SEO plugin v27.3 - https:\/\/yoast.com\/product\/yoast-seo-wordpress\/ -->\n<title>Vision D15 - TIPTOP<\/title>\n<meta name=\"robots\" content=\"index, follow, max-snippet:-1, max-image-preview:large, max-video-preview:-1\" \/>\n<link rel=\"canonical\" href=\"https:\/\/tiptopclean.eu\/shop\/spender\/duftspender\/vision-d15\/\" \/>\n<meta property=\"og:locale\" content=\"sr_RS\" \/>\n<meta property=\"og:type\" content=\"article\" \/>\n<meta property=\"og:title\" content=\"Vision D15 - TIPTOP\" \/>\n<meta property=\"og:description\" content=\"\u2022 Elegantan dizajn \u2022 Lako i brzo punjenje \u2022 Kapacitet za 270ml \u2022 Lako se programira \u2022 Jednostavna monta\u017ea \u2022 Mo\u017ee se zaklju\u010dati   TEHNI\u010cKE SPECIFIKACIJE\uf1c1   PUNJENJA\uf1c1   ZATRA\u017dI PONUDU\" \/>\n<meta property=\"og:url\" content=\"https:\/\/tiptopclean.eu\/shop\/spender\/duftspender\/vision-d15\/\" \/>\n<meta property=\"og:site_name\" content=\"TIPTOP\" \/>\n<meta property=\"article:modified_time\" content=\"2023-05-12T12:15:28+00:00\" \/>\n<meta property=\"og:image\" content=\"https:\/\/tiptopclean.eu\/wp-content\/uploads\/2023\/05\/3871584091858-1.jpg\" \/>\n\t<meta property=\"og:image:width\" content=\"1200\" \/>\n\t<meta property=\"og:image:height\" content=\"1200\" \/>\n\t<meta property=\"og:image:type\" content=\"image\/jpeg\" \/>\n<meta name=\"twitter:card\" content=\"summary_large_image\" \/>\n<script type=\"application\/ld+json\" class=\"yoast-schema-graph\">{\"@context\":\"https:\\\/\\\/schema.org\",\"@graph\":[{\"@type\":\"WebPage\",\"@id\":\"https:\\\/\\\/tiptopclean.eu\\\/shop\\\/spender\\\/duftspender\\\/vision-d15\\\/\",\"url\":\"https:\\\/\\\/tiptopclean.eu\\\/shop\\\/spender\\\/duftspender\\\/vision-d15\\\/\",\"name\":\"Vision D15 - TIPTOP\",\"isPartOf\":{\"@id\":\"https:\\\/\\\/tiptopclean.eu\\\/#website\"},\"primaryImageOfPage\":{\"@id\":\"https:\\\/\\\/tiptopclean.eu\\\/shop\\\/spender\\\/duftspender\\\/vision-d15\\\/#primaryimage\"},\"image\":{\"@id\":\"https:\\\/\\\/tiptopclean.eu\\\/shop\\\/spender\\\/duftspender\\\/vision-d15\\\/#primaryimage\"},\"thumbnailUrl\":\"https:\\\/\\\/tiptopclean.eu\\\/wp-content\\\/uploads\\\/2023\\\/05\\\/3871584091858-1.jpg\",\"datePublished\":\"2023-05-10T13:42:10+00:00\",\"dateModified\":\"2023-05-12T12:15:28+00:00\",\"breadcrumb\":{\"@id\":\"https:\\\/\\\/tiptopclean.eu\\\/shop\\\/spender\\\/duftspender\\\/vision-d15\\\/#breadcrumb\"},\"inLanguage\":\"sr-RS\",\"potentialAction\":[{\"@type\":\"ReadAction\",\"target\":[\"https:\\\/\\\/tiptopclean.eu\\\/shop\\\/spender\\\/duftspender\\\/vision-d15\\\/\"]}]},{\"@type\":\"ImageObject\",\"inLanguage\":\"sr-RS\",\"@id\":\"https:\\\/\\\/tiptopclean.eu\\\/shop\\\/spender\\\/duftspender\\\/vision-d15\\\/#primaryimage\",\"url\":\"https:\\\/\\\/tiptopclean.eu\\\/wp-content\\\/uploads\\\/2023\\\/05\\\/3871584091858-1.jpg\",\"contentUrl\":\"https:\\\/\\\/tiptopclean.eu\\\/wp-content\\\/uploads\\\/2023\\\/05\\\/3871584091858-1.jpg\",\"width\":1200,\"height\":1200},{\"@type\":\"BreadcrumbList\",\"@id\":\"https:\\\/\\\/tiptopclean.eu\\\/shop\\\/spender\\\/duftspender\\\/vision-d15\\\/#breadcrumb\",\"itemListElement\":[{\"@type\":\"ListItem\",\"position\":1,\"name\":\"Startseite\",\"item\":\"https:\\\/\\\/tiptopclean.eu\\\/\"},{\"@type\":\"ListItem\",\"position\":2,\"name\":\"Shop\",\"item\":\"https:\\\/\\\/tiptopclean.eu\\\/shop\\\/\"},{\"@type\":\"ListItem\",\"position\":3,\"name\":\"Vision D15\"}]},{\"@type\":\"WebSite\",\"@id\":\"https:\\\/\\\/tiptopclean.eu\\\/#website\",\"url\":\"https:\\\/\\\/tiptopclean.eu\\\/\",\"name\":\"TIPTOP\",\"description\":\"Clean &amp; Care\",\"potentialAction\":[{\"@type\":\"SearchAction\",\"target\":{\"@type\":\"EntryPoint\",\"urlTemplate\":\"https:\\\/\\\/tiptopclean.eu\\\/?s={search_term_string}\"},\"query-input\":{\"@type\":\"PropertyValueSpecification\",\"valueRequired\":true,\"valueName\":\"search_term_string\"}}],\"inLanguage\":\"sr-RS\"}]}<\/script>\n<!-- \/ Yoast SEO plugin. -->","yoast_head_json":{"title":"Vision D15 - TIPTOP","robots":{"index":"index","follow":"follow","max-snippet":"max-snippet:-1","max-image-preview":"max-image-preview:large","max-video-preview":"max-video-preview:-1"},"canonical":"https:\/\/tiptopclean.eu\/shop\/spender\/duftspender\/vision-d15\/","og_locale":"sr_RS","og_type":"article","og_title":"Vision D15 - TIPTOP","og_description":"\u2022 Elegantan dizajn \u2022 Lako i brzo punjenje \u2022 Kapacitet za 270ml \u2022 Lako se programira \u2022 Jednostavna monta\u017ea \u2022 Mo\u017ee se zaklju\u010dati   TEHNI\u010cKE SPECIFIKACIJE\uf1c1   PUNJENJA\uf1c1   ZATRA\u017dI PONUDU","og_url":"https:\/\/tiptopclean.eu\/shop\/spender\/duftspender\/vision-d15\/","og_site_name":"TIPTOP","article_modified_time":"2023-05-12T12:15:28+00:00","og_image":[{"width":1200,"height":1200,"url":"https:\/\/tiptopclean.eu\/wp-content\/uploads\/2023\/05\/3871584091858-1.jpg","type":"image\/jpeg"}],"twitter_card":"summary_large_image","schema":{"@context":"https:\/\/schema.org","@graph":[{"@type":"WebPage","@id":"https:\/\/tiptopclean.eu\/shop\/spender\/duftspender\/vision-d15\/","url":"https:\/\/tiptopclean.eu\/shop\/spender\/duftspender\/vision-d15\/","name":"Vision D15 - TIPTOP","isPartOf":{"@id":"https:\/\/tiptopclean.eu\/#website"},"primaryImageOfPage":{"@id":"https:\/\/tiptopclean.eu\/shop\/spender\/duftspender\/vision-d15\/#primaryimage"},"image":{"@id":"https:\/\/tiptopclean.eu\/shop\/spender\/duftspender\/vision-d15\/#primaryimage"},"thumbnailUrl":"https:\/\/tiptopclean.eu\/wp-content\/uploads\/2023\/05\/3871584091858-1.jpg","datePublished":"2023-05-10T13:42:10+00:00","dateModified":"2023-05-12T12:15:28+00:00","breadcrumb":{"@id":"https:\/\/tiptopclean.eu\/shop\/spender\/duftspender\/vision-d15\/#breadcrumb"},"inLanguage":"sr-RS","potentialAction":[{"@type":"ReadAction","target":["https:\/\/tiptopclean.eu\/shop\/spender\/duftspender\/vision-d15\/"]}]},{"@type":"ImageObject","inLanguage":"sr-RS","@id":"https:\/\/tiptopclean.eu\/shop\/spender\/duftspender\/vision-d15\/#primaryimage","url":"https:\/\/tiptopclean.eu\/wp-content\/uploads\/2023\/05\/3871584091858-1.jpg","contentUrl":"https:\/\/tiptopclean.eu\/wp-content\/uploads\/2023\/05\/3871584091858-1.jpg","width":1200,"height":1200},{"@type":"BreadcrumbList","@id":"https:\/\/tiptopclean.eu\/shop\/spender\/duftspender\/vision-d15\/#breadcrumb","itemListElement":[{"@type":"ListItem","position":1,"name":"Startseite","item":"https:\/\/tiptopclean.eu\/"},{"@type":"ListItem","position":2,"name":"Shop","item":"https:\/\/tiptopclean.eu\/shop\/"},{"@type":"ListItem","position":3,"name":"Vision D15"}]},{"@type":"WebSite","@id":"https:\/\/tiptopclean.eu\/#website","url":"https:\/\/tiptopclean.eu\/","name":"TIPTOP","description":"Clean &amp; Care","potentialAction":[{"@type":"SearchAction","target":{"@type":"EntryPoint","urlTemplate":"https:\/\/tiptopclean.eu\/?s={search_term_string}"},"query-input":{"@type":"PropertyValueSpecification","valueRequired":true,"valueName":"search_term_string"}}],"inLanguage":"sr-RS"}]}},"_links":{"self":[{"href":"https:\/\/tiptopclean.eu\/sr\/wp-json\/wp\/v2\/product\/11449","targetHints":{"allow":["GET"]}}],"collection":[{"href":"https:\/\/tiptopclean.eu\/sr\/wp-json\/wp\/v2\/product"}],"about":[{"href":"https:\/\/tiptopclean.eu\/sr\/wp-json\/wp\/v2\/types\/product"}],"wp:featuredmedia":[{"embeddable":true,"href":"https:\/\/tiptopclean.eu\/sr\/wp-json\/wp\/v2\/media\/12461"}],"wp:attachment":[{"href":"https:\/\/tiptopclean.eu\/sr\/wp-json\/wp\/v2\/media?parent=11449"}],"wp:term":[{"taxonomy":"product_brand","embeddable":true,"href":"https:\/\/tiptopclean.eu\/sr\/wp-json\/wp\/v2\/product_brand?post=11449"},{"taxonomy":"product_cat","embeddable":true,"href":"https:\/\/tiptopclean.eu\/sr\/wp-json\/wp\/v2\/product_cat?post=11449"},{"taxonomy":"product_tag","embeddable":true,"href":"https:\/\/tiptopclean.eu\/sr\/wp-json\/wp\/v2\/product_tag?post=11449"}],"curies":[{"name":"wp","href":"https:\/\/api.w.org\/{rel}","templated":true}]}}