{"id":5392,"date":"2022-07-07T09:53:44","date_gmt":"2022-07-07T08:53:44","guid":{"rendered":"https:\/\/wk9jkespzd.onrocket.site\/produkt\/vision-s20\/"},"modified":"2023-02-08T09:33:07","modified_gmt":"2023-02-08T08:33:07","slug":"vision-s20","status":"publish","type":"product","link":"https:\/\/tiptopclean.eu\/sr\/shop\/uredaji\/manuelni-drzaci-za-pena-sapun\/vision-s20\/","title":{"rendered":"Vision S20"},"content":{"rendered":"","protected":false},"excerpt":{"rendered":"<p><span class=\"fontstyle0\">\u2022 Elegantan dizajn<br \/>\n\u2022 Lako i brzo punjenje<br \/>\n\u2022 Kapacitet za 1.000 ml &#8211; 2.500 porcija po vre\u0107ici<br \/>\n\u2022 Jednostavna monta\u017ea<br \/>\n\u2022 Mo\u017ee se zaklju\u010dati<\/span><\/p>\n<p><a href=\"#\" class=\"popup-button-S20\"><strong><br \/>\nTEHNI\u010cKE SPECIFIKACIJE<\/strong><\/a><i class=\"fa\" style=\"font-size: 24px;\">\uf1c1<\/i><\/p>\n<p><a href=\"#\" class=\"popup-button-punjenje-S20\"><strong><br \/>\nPUNJENJA<\/strong><\/a><i class=\"fa\" style=\"font-size: 24px;\">\uf1c1<\/i><\/p>\n<p><a href=\"\/sr\/kontakt\/\"><strong><br \/>\nZATRA\u017dI PONUDU<\/strong><\/a><\/p>\n","protected":false},"featured_media":12589,"template":"","meta":[],"product_brand":[],"product_cat":[288,278],"product_tag":[],"class_list":{"0":"post-5392","1":"product","2":"type-product","3":"status-publish","4":"has-post-thumbnail","6":"product_cat-manuelni-drzaci-za-pena-sapun","7":"product_cat-uredaji","9":"first","10":"instock","11":"shipping-taxable","12":"product-type-variable"},"yoast_head":"<!-- This site is optimized with the Yoast SEO plugin v27.3 - https:\/\/yoast.com\/product\/yoast-seo-wordpress\/ -->\n<title>Vision S20 - TIPTOP<\/title>\n<meta name=\"robots\" content=\"index, follow, max-snippet:-1, max-image-preview:large, max-video-preview:-1\" \/>\n<link rel=\"canonical\" href=\"https:\/\/tiptopclean.eu\/shop\/spender\/manueller-schaumseifenspender\/vision-s20\/\" \/>\n<meta property=\"og:locale\" content=\"sr_RS\" \/>\n<meta property=\"og:type\" content=\"article\" \/>\n<meta property=\"og:title\" content=\"Vision S20 - TIPTOP\" \/>\n<meta property=\"og:description\" content=\"\u2022 Elegantan dizajn \u2022 Lako i brzo punjenje \u2022 Kapacitet za 1.000 ml - 2.500 porcija po vre\u0107ici \u2022 Jednostavna monta\u017ea \u2022 Mo\u017ee se zaklju\u010dati   TEHNI\u010cKE SPECIFIKACIJE\uf1c1   PUNJENJA\uf1c1    ZATRA\u017dI PONUDU\" \/>\n<meta property=\"og:url\" content=\"https:\/\/tiptopclean.eu\/shop\/spender\/manueller-schaumseifenspender\/vision-s20\/\" \/>\n<meta property=\"og:site_name\" content=\"TIPTOP\" \/>\n<meta property=\"article:modified_time\" content=\"2023-02-08T08:33:07+00:00\" \/>\n<meta property=\"og:image\" content=\"https:\/\/tiptopclean.eu\/wp-content\/uploads\/2022\/07\/3871284090011-1-1.jpg\" \/>\n\t<meta property=\"og:image:width\" content=\"1200\" \/>\n\t<meta property=\"og:image:height\" content=\"1200\" \/>\n\t<meta property=\"og:image:type\" content=\"image\/jpeg\" \/>\n<meta name=\"twitter:card\" content=\"summary_large_image\" \/>\n<script type=\"application\/ld+json\" class=\"yoast-schema-graph\">{\"@context\":\"https:\\\/\\\/schema.org\",\"@graph\":[{\"@type\":\"WebPage\",\"@id\":\"https:\\\/\\\/tiptopclean.eu\\\/shop\\\/spender\\\/manueller-schaumseifenspender\\\/vision-s20\\\/\",\"url\":\"https:\\\/\\\/tiptopclean.eu\\\/shop\\\/spender\\\/manueller-schaumseifenspender\\\/vision-s20\\\/\",\"name\":\"Vision S20 - TIPTOP\",\"isPartOf\":{\"@id\":\"https:\\\/\\\/tiptopclean.eu\\\/#website\"},\"primaryImageOfPage\":{\"@id\":\"https:\\\/\\\/tiptopclean.eu\\\/shop\\\/spender\\\/manueller-schaumseifenspender\\\/vision-s20\\\/#primaryimage\"},\"image\":{\"@id\":\"https:\\\/\\\/tiptopclean.eu\\\/shop\\\/spender\\\/manueller-schaumseifenspender\\\/vision-s20\\\/#primaryimage\"},\"thumbnailUrl\":\"https:\\\/\\\/tiptopclean.eu\\\/wp-content\\\/uploads\\\/2022\\\/07\\\/3871284090011-1-1.jpg\",\"datePublished\":\"2022-07-07T08:53:44+00:00\",\"dateModified\":\"2023-02-08T08:33:07+00:00\",\"breadcrumb\":{\"@id\":\"https:\\\/\\\/tiptopclean.eu\\\/shop\\\/spender\\\/manueller-schaumseifenspender\\\/vision-s20\\\/#breadcrumb\"},\"inLanguage\":\"sr-RS\",\"potentialAction\":[{\"@type\":\"ReadAction\",\"target\":[\"https:\\\/\\\/tiptopclean.eu\\\/shop\\\/spender\\\/manueller-schaumseifenspender\\\/vision-s20\\\/\"]}]},{\"@type\":\"ImageObject\",\"inLanguage\":\"sr-RS\",\"@id\":\"https:\\\/\\\/tiptopclean.eu\\\/shop\\\/spender\\\/manueller-schaumseifenspender\\\/vision-s20\\\/#primaryimage\",\"url\":\"https:\\\/\\\/tiptopclean.eu\\\/wp-content\\\/uploads\\\/2022\\\/07\\\/3871284090011-1-1.jpg\",\"contentUrl\":\"https:\\\/\\\/tiptopclean.eu\\\/wp-content\\\/uploads\\\/2022\\\/07\\\/3871284090011-1-1.jpg\",\"width\":1200,\"height\":1200},{\"@type\":\"BreadcrumbList\",\"@id\":\"https:\\\/\\\/tiptopclean.eu\\\/shop\\\/spender\\\/manueller-schaumseifenspender\\\/vision-s20\\\/#breadcrumb\",\"itemListElement\":[{\"@type\":\"ListItem\",\"position\":1,\"name\":\"Startseite\",\"item\":\"https:\\\/\\\/tiptopclean.eu\\\/\"},{\"@type\":\"ListItem\",\"position\":2,\"name\":\"Shop\",\"item\":\"https:\\\/\\\/tiptopclean.eu\\\/shop\\\/\"},{\"@type\":\"ListItem\",\"position\":3,\"name\":\"Vision S20\"}]},{\"@type\":\"WebSite\",\"@id\":\"https:\\\/\\\/tiptopclean.eu\\\/#website\",\"url\":\"https:\\\/\\\/tiptopclean.eu\\\/\",\"name\":\"TIPTOP\",\"description\":\"Clean &amp; Care\",\"potentialAction\":[{\"@type\":\"SearchAction\",\"target\":{\"@type\":\"EntryPoint\",\"urlTemplate\":\"https:\\\/\\\/tiptopclean.eu\\\/?s={search_term_string}\"},\"query-input\":{\"@type\":\"PropertyValueSpecification\",\"valueRequired\":true,\"valueName\":\"search_term_string\"}}],\"inLanguage\":\"sr-RS\"}]}<\/script>\n<!-- \/ Yoast SEO plugin. -->","yoast_head_json":{"title":"Vision S20 - TIPTOP","robots":{"index":"index","follow":"follow","max-snippet":"max-snippet:-1","max-image-preview":"max-image-preview:large","max-video-preview":"max-video-preview:-1"},"canonical":"https:\/\/tiptopclean.eu\/shop\/spender\/manueller-schaumseifenspender\/vision-s20\/","og_locale":"sr_RS","og_type":"article","og_title":"Vision S20 - TIPTOP","og_description":"\u2022 Elegantan dizajn \u2022 Lako i brzo punjenje \u2022 Kapacitet za 1.000 ml - 2.500 porcija po vre\u0107ici \u2022 Jednostavna monta\u017ea \u2022 Mo\u017ee se zaklju\u010dati   TEHNI\u010cKE SPECIFIKACIJE\uf1c1   PUNJENJA\uf1c1    ZATRA\u017dI PONUDU","og_url":"https:\/\/tiptopclean.eu\/shop\/spender\/manueller-schaumseifenspender\/vision-s20\/","og_site_name":"TIPTOP","article_modified_time":"2023-02-08T08:33:07+00:00","og_image":[{"width":1200,"height":1200,"url":"https:\/\/tiptopclean.eu\/wp-content\/uploads\/2022\/07\/3871284090011-1-1.jpg","type":"image\/jpeg"}],"twitter_card":"summary_large_image","schema":{"@context":"https:\/\/schema.org","@graph":[{"@type":"WebPage","@id":"https:\/\/tiptopclean.eu\/shop\/spender\/manueller-schaumseifenspender\/vision-s20\/","url":"https:\/\/tiptopclean.eu\/shop\/spender\/manueller-schaumseifenspender\/vision-s20\/","name":"Vision S20 - TIPTOP","isPartOf":{"@id":"https:\/\/tiptopclean.eu\/#website"},"primaryImageOfPage":{"@id":"https:\/\/tiptopclean.eu\/shop\/spender\/manueller-schaumseifenspender\/vision-s20\/#primaryimage"},"image":{"@id":"https:\/\/tiptopclean.eu\/shop\/spender\/manueller-schaumseifenspender\/vision-s20\/#primaryimage"},"thumbnailUrl":"https:\/\/tiptopclean.eu\/wp-content\/uploads\/2022\/07\/3871284090011-1-1.jpg","datePublished":"2022-07-07T08:53:44+00:00","dateModified":"2023-02-08T08:33:07+00:00","breadcrumb":{"@id":"https:\/\/tiptopclean.eu\/shop\/spender\/manueller-schaumseifenspender\/vision-s20\/#breadcrumb"},"inLanguage":"sr-RS","potentialAction":[{"@type":"ReadAction","target":["https:\/\/tiptopclean.eu\/shop\/spender\/manueller-schaumseifenspender\/vision-s20\/"]}]},{"@type":"ImageObject","inLanguage":"sr-RS","@id":"https:\/\/tiptopclean.eu\/shop\/spender\/manueller-schaumseifenspender\/vision-s20\/#primaryimage","url":"https:\/\/tiptopclean.eu\/wp-content\/uploads\/2022\/07\/3871284090011-1-1.jpg","contentUrl":"https:\/\/tiptopclean.eu\/wp-content\/uploads\/2022\/07\/3871284090011-1-1.jpg","width":1200,"height":1200},{"@type":"BreadcrumbList","@id":"https:\/\/tiptopclean.eu\/shop\/spender\/manueller-schaumseifenspender\/vision-s20\/#breadcrumb","itemListElement":[{"@type":"ListItem","position":1,"name":"Startseite","item":"https:\/\/tiptopclean.eu\/"},{"@type":"ListItem","position":2,"name":"Shop","item":"https:\/\/tiptopclean.eu\/shop\/"},{"@type":"ListItem","position":3,"name":"Vision S20"}]},{"@type":"WebSite","@id":"https:\/\/tiptopclean.eu\/#website","url":"https:\/\/tiptopclean.eu\/","name":"TIPTOP","description":"Clean &amp; Care","potentialAction":[{"@type":"SearchAction","target":{"@type":"EntryPoint","urlTemplate":"https:\/\/tiptopclean.eu\/?s={search_term_string}"},"query-input":{"@type":"PropertyValueSpecification","valueRequired":true,"valueName":"search_term_string"}}],"inLanguage":"sr-RS"}]}},"_links":{"self":[{"href":"https:\/\/tiptopclean.eu\/sr\/wp-json\/wp\/v2\/product\/5392","targetHints":{"allow":["GET"]}}],"collection":[{"href":"https:\/\/tiptopclean.eu\/sr\/wp-json\/wp\/v2\/product"}],"about":[{"href":"https:\/\/tiptopclean.eu\/sr\/wp-json\/wp\/v2\/types\/product"}],"wp:featuredmedia":[{"embeddable":true,"href":"https:\/\/tiptopclean.eu\/sr\/wp-json\/wp\/v2\/media\/12589"}],"wp:attachment":[{"href":"https:\/\/tiptopclean.eu\/sr\/wp-json\/wp\/v2\/media?parent=5392"}],"wp:term":[{"taxonomy":"product_brand","embeddable":true,"href":"https:\/\/tiptopclean.eu\/sr\/wp-json\/wp\/v2\/product_brand?post=5392"},{"taxonomy":"product_cat","embeddable":true,"href":"https:\/\/tiptopclean.eu\/sr\/wp-json\/wp\/v2\/product_cat?post=5392"},{"taxonomy":"product_tag","embeddable":true,"href":"https:\/\/tiptopclean.eu\/sr\/wp-json\/wp\/v2\/product_tag?post=5392"}],"curies":[{"name":"wp","href":"https:\/\/api.w.org\/{rel}","templated":true}]}}