{"id":5600,"date":"2022-09-06T09:29:24","date_gmt":"2022-09-06T08:29:24","guid":{"rendered":"https:\/\/wk9jkespzd.onrocket.site\/produkt\/toaletni-papir-bijeli-njezan-biorazgradiv\/"},"modified":"2023-03-24T13:21:15","modified_gmt":"2023-03-24T12:21:15","slug":"toilettenpapier-weis-sanft-biologisch-abbaubar","status":"publish","type":"product","link":"https:\/\/tiptopclean.eu\/sr\/shop\/punjenja\/toaletni-papir-u-rolni\/toilettenpapier-weis-sanft-biologisch-abbaubar\/","title":{"rendered":"Toaletni papir 70m (beli, ne\u017ean, biorazgradiv)"},"content":{"rendered":"","protected":false},"excerpt":{"rendered":"<ul>\n<li><span class=\"fontstyle0\">Materijal: 100 % Celuloza<br \/>\n<\/span><\/li>\n<li><span class=\"fontstyle0\">Slojeva: 3<br \/>\n<\/span><\/li>\n<li><span class=\"fontstyle0\">GSM po sloju: 17 g\/m2<br \/>\n<\/span><\/li>\n<li><span class=\"fontstyle0\">Du\u017eina: 70 m<br \/>\n<\/span><\/li>\n<li><span class=\"fontstyle0\">\u0160irina lista: 9,5 cm<br \/>\n<\/span><\/li>\n<li><span class=\"fontstyle0\">Du\u017eina lista: 11 cm<br \/>\n<\/span><\/li>\n<li><span class=\"fontstyle0\">Pre\u010dnik rolne: 13 cm<br \/>\n<\/span><\/li>\n<li><span class=\"fontstyle0\">Unutra\u0161nji (otvor) pre\u010dnik: 4 cm<br \/>\n<\/span><\/li>\n<li><span class=\"fontstyle0\">Komada\/listova: 635<br \/>\n<\/span><\/li>\n<li><span class=\"fontstyle0\">Boja: Bistrobijela<br \/>\n<\/span><\/li>\n<li><span class=\"fontstyle0\">Utiskivanje: Mikro<br \/>\n<\/span><\/li>\n<li><span class=\"fontstyle0\">Rolni u pakovanju: 12<\/span><\/li>\n<\/ul>\n<p><a class=\"popup-button-de-toilettenpapier-t10-1\" href=\"#\"><strong><br \/>\nTEHNI\u010cKE SPECIFIKACIJE<\/strong><\/a><i class=\"fa\" style=\"font-size: 24px;\">\uf1c1<\/i><\/p>\n<p><a href=\"\/kontakt\/\"><strong><br \/>\nZATRA\u017dI PONUDU<\/strong><\/a><\/p>\n","protected":false},"featured_media":5264,"template":"","meta":[],"product_brand":[],"product_cat":[279,304],"product_tag":[],"class_list":{"0":"post-5600","1":"product","2":"type-product","3":"status-publish","4":"has-post-thumbnail","6":"product_cat-punjenja","7":"product_cat-toaletni-papir-u-rolni","9":"first","10":"instock","11":"shipping-taxable","12":"product-type-simple"},"yoast_head":"<!-- This site is optimized with the Yoast SEO plugin v27.3 - https:\/\/yoast.com\/product\/yoast-seo-wordpress\/ -->\n<title>Toaletni papir 70m (beli, ne\u017ean, biorazgradiv) - TIPTOP<\/title>\n<meta name=\"robots\" content=\"index, follow, max-snippet:-1, max-image-preview:large, max-video-preview:-1\" \/>\n<link rel=\"canonical\" href=\"https:\/\/tiptopclean.eu\/shop\/verbrauchsmaterialien\/toilettenpapierrolle\/toilettenpapier-weis-sanft-biologisch-abbaubar\/\" \/>\n<meta property=\"og:locale\" content=\"sr_RS\" \/>\n<meta property=\"og:type\" content=\"article\" \/>\n<meta property=\"og:title\" content=\"Toaletni papir 70m (beli, ne\u017ean, biorazgradiv) - TIPTOP\" \/>\n<meta property=\"og:description\" content=\"Materijal: 100 % Celuloza  Slojeva: 3  GSM po sloju: 17 g\/m2  Du\u017eina: 70 m  \u0160irina lista: 9,5 cm  Du\u017eina lista: 11 cm  Pre\u010dnik rolne: 13 cm  Unutra\u0161nji (otvor) pre\u010dnik: 4 cm  Komada\/listova: 635  Boja: Bistrobijela  Utiskivanje: Mikro  Rolni u pakovanju: 12  TEHNI\u010cKE SPECIFIKACIJE\uf1c1  ZATRA\u017dI PONUDU\" \/>\n<meta property=\"og:url\" content=\"https:\/\/tiptopclean.eu\/shop\/verbrauchsmaterialien\/toilettenpapierrolle\/toilettenpapier-weis-sanft-biologisch-abbaubar\/\" \/>\n<meta property=\"og:site_name\" content=\"TIPTOP\" \/>\n<meta property=\"article:modified_time\" content=\"2023-03-24T12:21:15+00:00\" \/>\n<meta property=\"og:image\" content=\"https:\/\/tiptopclean.eu\/wp-content\/uploads\/2022\/09\/Nachfullung-T10-70m.jpg\" \/>\n\t<meta property=\"og:image:width\" content=\"2400\" \/>\n\t<meta property=\"og:image:height\" content=\"2400\" \/>\n\t<meta property=\"og:image:type\" content=\"image\/jpeg\" \/>\n<meta name=\"twitter:card\" content=\"summary_large_image\" \/>\n<script type=\"application\/ld+json\" class=\"yoast-schema-graph\">{\"@context\":\"https:\\\/\\\/schema.org\",\"@graph\":[{\"@type\":\"WebPage\",\"@id\":\"https:\\\/\\\/tiptopclean.eu\\\/shop\\\/verbrauchsmaterialien\\\/toilettenpapierrolle\\\/toilettenpapier-weis-sanft-biologisch-abbaubar\\\/\",\"url\":\"https:\\\/\\\/tiptopclean.eu\\\/shop\\\/verbrauchsmaterialien\\\/toilettenpapierrolle\\\/toilettenpapier-weis-sanft-biologisch-abbaubar\\\/\",\"name\":\"Toaletni papir 70m (beli, ne\u017ean, biorazgradiv) - TIPTOP\",\"isPartOf\":{\"@id\":\"https:\\\/\\\/tiptopclean.eu\\\/#website\"},\"primaryImageOfPage\":{\"@id\":\"https:\\\/\\\/tiptopclean.eu\\\/shop\\\/verbrauchsmaterialien\\\/toilettenpapierrolle\\\/toilettenpapier-weis-sanft-biologisch-abbaubar\\\/#primaryimage\"},\"image\":{\"@id\":\"https:\\\/\\\/tiptopclean.eu\\\/shop\\\/verbrauchsmaterialien\\\/toilettenpapierrolle\\\/toilettenpapier-weis-sanft-biologisch-abbaubar\\\/#primaryimage\"},\"thumbnailUrl\":\"https:\\\/\\\/tiptopclean.eu\\\/wp-content\\\/uploads\\\/2022\\\/09\\\/Nachfullung-T10-70m.jpg\",\"datePublished\":\"2022-09-06T08:29:24+00:00\",\"dateModified\":\"2023-03-24T12:21:15+00:00\",\"breadcrumb\":{\"@id\":\"https:\\\/\\\/tiptopclean.eu\\\/shop\\\/verbrauchsmaterialien\\\/toilettenpapierrolle\\\/toilettenpapier-weis-sanft-biologisch-abbaubar\\\/#breadcrumb\"},\"inLanguage\":\"sr-RS\",\"potentialAction\":[{\"@type\":\"ReadAction\",\"target\":[\"https:\\\/\\\/tiptopclean.eu\\\/shop\\\/verbrauchsmaterialien\\\/toilettenpapierrolle\\\/toilettenpapier-weis-sanft-biologisch-abbaubar\\\/\"]}]},{\"@type\":\"ImageObject\",\"inLanguage\":\"sr-RS\",\"@id\":\"https:\\\/\\\/tiptopclean.eu\\\/shop\\\/verbrauchsmaterialien\\\/toilettenpapierrolle\\\/toilettenpapier-weis-sanft-biologisch-abbaubar\\\/#primaryimage\",\"url\":\"https:\\\/\\\/tiptopclean.eu\\\/wp-content\\\/uploads\\\/2022\\\/09\\\/Nachfullung-T10-70m.jpg\",\"contentUrl\":\"https:\\\/\\\/tiptopclean.eu\\\/wp-content\\\/uploads\\\/2022\\\/09\\\/Nachfullung-T10-70m.jpg\",\"width\":2400,\"height\":2400},{\"@type\":\"BreadcrumbList\",\"@id\":\"https:\\\/\\\/tiptopclean.eu\\\/shop\\\/verbrauchsmaterialien\\\/toilettenpapierrolle\\\/toilettenpapier-weis-sanft-biologisch-abbaubar\\\/#breadcrumb\",\"itemListElement\":[{\"@type\":\"ListItem\",\"position\":1,\"name\":\"Startseite\",\"item\":\"https:\\\/\\\/tiptopclean.eu\\\/\"},{\"@type\":\"ListItem\",\"position\":2,\"name\":\"Shop\",\"item\":\"https:\\\/\\\/tiptopclean.eu\\\/shop\\\/\"},{\"@type\":\"ListItem\",\"position\":3,\"name\":\"Toaletni papir 70m (beli, ne\u017ean, biorazgradiv)\"}]},{\"@type\":\"WebSite\",\"@id\":\"https:\\\/\\\/tiptopclean.eu\\\/#website\",\"url\":\"https:\\\/\\\/tiptopclean.eu\\\/\",\"name\":\"TIPTOP\",\"description\":\"Clean &amp; Care\",\"potentialAction\":[{\"@type\":\"SearchAction\",\"target\":{\"@type\":\"EntryPoint\",\"urlTemplate\":\"https:\\\/\\\/tiptopclean.eu\\\/?s={search_term_string}\"},\"query-input\":{\"@type\":\"PropertyValueSpecification\",\"valueRequired\":true,\"valueName\":\"search_term_string\"}}],\"inLanguage\":\"sr-RS\"}]}<\/script>\n<!-- \/ Yoast SEO plugin. -->","yoast_head_json":{"title":"Toaletni papir 70m (beli, ne\u017ean, biorazgradiv) - TIPTOP","robots":{"index":"index","follow":"follow","max-snippet":"max-snippet:-1","max-image-preview":"max-image-preview:large","max-video-preview":"max-video-preview:-1"},"canonical":"https:\/\/tiptopclean.eu\/shop\/verbrauchsmaterialien\/toilettenpapierrolle\/toilettenpapier-weis-sanft-biologisch-abbaubar\/","og_locale":"sr_RS","og_type":"article","og_title":"Toaletni papir 70m (beli, ne\u017ean, biorazgradiv) - TIPTOP","og_description":"Materijal: 100 % Celuloza  Slojeva: 3  GSM po sloju: 17 g\/m2  Du\u017eina: 70 m  \u0160irina lista: 9,5 cm  Du\u017eina lista: 11 cm  Pre\u010dnik rolne: 13 cm  Unutra\u0161nji (otvor) pre\u010dnik: 4 cm  Komada\/listova: 635  Boja: Bistrobijela  Utiskivanje: Mikro  Rolni u pakovanju: 12  TEHNI\u010cKE SPECIFIKACIJE\uf1c1  ZATRA\u017dI PONUDU","og_url":"https:\/\/tiptopclean.eu\/shop\/verbrauchsmaterialien\/toilettenpapierrolle\/toilettenpapier-weis-sanft-biologisch-abbaubar\/","og_site_name":"TIPTOP","article_modified_time":"2023-03-24T12:21:15+00:00","og_image":[{"width":2400,"height":2400,"url":"https:\/\/tiptopclean.eu\/wp-content\/uploads\/2022\/09\/Nachfullung-T10-70m.jpg","type":"image\/jpeg"}],"twitter_card":"summary_large_image","schema":{"@context":"https:\/\/schema.org","@graph":[{"@type":"WebPage","@id":"https:\/\/tiptopclean.eu\/shop\/verbrauchsmaterialien\/toilettenpapierrolle\/toilettenpapier-weis-sanft-biologisch-abbaubar\/","url":"https:\/\/tiptopclean.eu\/shop\/verbrauchsmaterialien\/toilettenpapierrolle\/toilettenpapier-weis-sanft-biologisch-abbaubar\/","name":"Toaletni papir 70m (beli, ne\u017ean, biorazgradiv) - TIPTOP","isPartOf":{"@id":"https:\/\/tiptopclean.eu\/#website"},"primaryImageOfPage":{"@id":"https:\/\/tiptopclean.eu\/shop\/verbrauchsmaterialien\/toilettenpapierrolle\/toilettenpapier-weis-sanft-biologisch-abbaubar\/#primaryimage"},"image":{"@id":"https:\/\/tiptopclean.eu\/shop\/verbrauchsmaterialien\/toilettenpapierrolle\/toilettenpapier-weis-sanft-biologisch-abbaubar\/#primaryimage"},"thumbnailUrl":"https:\/\/tiptopclean.eu\/wp-content\/uploads\/2022\/09\/Nachfullung-T10-70m.jpg","datePublished":"2022-09-06T08:29:24+00:00","dateModified":"2023-03-24T12:21:15+00:00","breadcrumb":{"@id":"https:\/\/tiptopclean.eu\/shop\/verbrauchsmaterialien\/toilettenpapierrolle\/toilettenpapier-weis-sanft-biologisch-abbaubar\/#breadcrumb"},"inLanguage":"sr-RS","potentialAction":[{"@type":"ReadAction","target":["https:\/\/tiptopclean.eu\/shop\/verbrauchsmaterialien\/toilettenpapierrolle\/toilettenpapier-weis-sanft-biologisch-abbaubar\/"]}]},{"@type":"ImageObject","inLanguage":"sr-RS","@id":"https:\/\/tiptopclean.eu\/shop\/verbrauchsmaterialien\/toilettenpapierrolle\/toilettenpapier-weis-sanft-biologisch-abbaubar\/#primaryimage","url":"https:\/\/tiptopclean.eu\/wp-content\/uploads\/2022\/09\/Nachfullung-T10-70m.jpg","contentUrl":"https:\/\/tiptopclean.eu\/wp-content\/uploads\/2022\/09\/Nachfullung-T10-70m.jpg","width":2400,"height":2400},{"@type":"BreadcrumbList","@id":"https:\/\/tiptopclean.eu\/shop\/verbrauchsmaterialien\/toilettenpapierrolle\/toilettenpapier-weis-sanft-biologisch-abbaubar\/#breadcrumb","itemListElement":[{"@type":"ListItem","position":1,"name":"Startseite","item":"https:\/\/tiptopclean.eu\/"},{"@type":"ListItem","position":2,"name":"Shop","item":"https:\/\/tiptopclean.eu\/shop\/"},{"@type":"ListItem","position":3,"name":"Toaletni papir 70m (beli, ne\u017ean, biorazgradiv)"}]},{"@type":"WebSite","@id":"https:\/\/tiptopclean.eu\/#website","url":"https:\/\/tiptopclean.eu\/","name":"TIPTOP","description":"Clean &amp; Care","potentialAction":[{"@type":"SearchAction","target":{"@type":"EntryPoint","urlTemplate":"https:\/\/tiptopclean.eu\/?s={search_term_string}"},"query-input":{"@type":"PropertyValueSpecification","valueRequired":true,"valueName":"search_term_string"}}],"inLanguage":"sr-RS"}]}},"_links":{"self":[{"href":"https:\/\/tiptopclean.eu\/sr\/wp-json\/wp\/v2\/product\/5600","targetHints":{"allow":["GET"]}}],"collection":[{"href":"https:\/\/tiptopclean.eu\/sr\/wp-json\/wp\/v2\/product"}],"about":[{"href":"https:\/\/tiptopclean.eu\/sr\/wp-json\/wp\/v2\/types\/product"}],"wp:featuredmedia":[{"embeddable":true,"href":"https:\/\/tiptopclean.eu\/sr\/wp-json\/wp\/v2\/media\/5264"}],"wp:attachment":[{"href":"https:\/\/tiptopclean.eu\/sr\/wp-json\/wp\/v2\/media?parent=5600"}],"wp:term":[{"taxonomy":"product_brand","embeddable":true,"href":"https:\/\/tiptopclean.eu\/sr\/wp-json\/wp\/v2\/product_brand?post=5600"},{"taxonomy":"product_cat","embeddable":true,"href":"https:\/\/tiptopclean.eu\/sr\/wp-json\/wp\/v2\/product_cat?post=5600"},{"taxonomy":"product_tag","embeddable":true,"href":"https:\/\/tiptopclean.eu\/sr\/wp-json\/wp\/v2\/product_tag?post=5600"}],"curies":[{"name":"wp","href":"https:\/\/api.w.org\/{rel}","templated":true}]}}