{"id":5602,"date":"2022-09-06T09:22:35","date_gmt":"2022-09-06T08:22:35","guid":{"rendered":"https:\/\/wk9jkespzd.onrocket.site\/produkt\/dovena-pjenasti-kremasti-sapun-ph-neutralan-za-njezno-ciscenje-dovena-pjenasti-kremasti-sapun-ph-neutralan-za-njezno-ciscenje\/"},"modified":"2023-02-08T11:42:35","modified_gmt":"2023-02-08T10:42:35","slug":"dovena-schaumseife-creme-ph-hautneutral-fur-sanfte-reinigung","status":"publish","type":"product","link":"https:\/\/tiptopclean.eu\/sr\/shop\/punjenja\/sapun-pena\/dovena-schaumseife-creme-ph-hautneutral-fur-sanfte-reinigung\/","title":{"rendered":"Dovena penasti kremasti sapun ph-neutralan za ne\u017eno \u010di\u0161\u0107enje"},"content":{"rendered":"","protected":false},"excerpt":{"rendered":"<p><span class=\"fontstyle0\">Sastav<\/span><\/p>\n<ul>\n<li><span class=\"fontstyle0\">Aqua<br \/>\n<\/span><\/li>\n<li><span class=\"fontstyle0\">Sodium Laureth Sulfate<br \/>\n<\/span><\/li>\n<li><span class=\"fontstyle0\">Cocamidopropyl Betaine<br \/>\n<\/span><\/li>\n<li><span class=\"fontstyle0\">PEG-7 Glyceryl Cocoate<br \/>\n<\/span><\/li>\n<li><span class=\"fontstyle0\">Sodium Benzoate<br \/>\n<\/span><\/li>\n<li><span class=\"fontstyle0\">Potassium Sorbate<br \/>\n<\/span><\/li>\n<li><span class=\"fontstyle0\">Coco-Glucoside<br \/>\n<\/span><\/li>\n<li><span class=\"fontstyle0\">Glyceryl Oleate<br \/>\n<\/span><\/li>\n<li><span class=\"fontstyle0\">Parfum<br \/>\n<\/span><\/li>\n<li><span class=\"fontstyle0\">Hexyl Cinnamal<br \/>\n<\/span><\/li>\n<li><span class=\"fontstyle0\">Citric Acid<\/span><\/li>\n<\/ul>\n<p><a href=\"#\" class=\"popup-button-sr-dovena-s10\"><strong><br \/>\nTEHNI\u010cKE SPECIFIKACIJE<\/strong><\/a><i class=\"fa\" style=\"font-size: 24px;\">\uf1c1<\/i><\/p>\n<p><a href=\"\/sr\/kontakt\/\"><strong><br \/>\nZATRA\u017dI PONUDU<\/strong><\/a><\/p>\n","protected":false},"featured_media":5260,"template":"","meta":[],"product_brand":[],"product_cat":[279,302],"product_tag":[],"class_list":{"0":"post-5602","1":"product","2":"type-product","3":"status-publish","4":"has-post-thumbnail","6":"product_cat-punjenja","7":"product_cat-sapun-pena","9":"first","10":"instock","11":"shipping-taxable","12":"product-type-simple"},"yoast_head":"<!-- This site is optimized with the Yoast SEO plugin v27.3 - https:\/\/yoast.com\/product\/yoast-seo-wordpress\/ -->\n<title>Dovena penasti kremasti sapun ph-neutralan za ne\u017eno \u010di\u0161\u0107enje - TIPTOP<\/title>\n<meta name=\"robots\" content=\"index, follow, max-snippet:-1, max-image-preview:large, max-video-preview:-1\" \/>\n<link rel=\"canonical\" href=\"https:\/\/tiptopclean.eu\/shop\/verbrauchsmaterialien\/schaumseife\/dovena-schaumseife-creme-ph-hautneutral-fur-sanfte-reinigung\/\" \/>\n<meta property=\"og:locale\" content=\"sr_RS\" \/>\n<meta property=\"og:type\" content=\"article\" \/>\n<meta property=\"og:title\" content=\"Dovena penasti kremasti sapun ph-neutralan za ne\u017eno \u010di\u0161\u0107enje - TIPTOP\" \/>\n<meta property=\"og:description\" content=\"Sastav   Aqua   Sodium Laureth Sulfate   Cocamidopropyl Betaine   PEG-7 Glyceryl Cocoate   Sodium Benzoate   Potassium Sorbate   Coco-Glucoside   Glyceryl Oleate   Parfum   Hexyl Cinnamal   Citric Acid    TEHNI\u010cKE SPECIFIKACIJE\uf1c1   ZATRA\u017dI PONUDU\" \/>\n<meta property=\"og:url\" content=\"https:\/\/tiptopclean.eu\/shop\/verbrauchsmaterialien\/schaumseife\/dovena-schaumseife-creme-ph-hautneutral-fur-sanfte-reinigung\/\" \/>\n<meta property=\"og:site_name\" content=\"TIPTOP\" \/>\n<meta property=\"article:modified_time\" content=\"2023-02-08T10:42:35+00:00\" \/>\n<meta property=\"og:image\" content=\"https:\/\/tiptopclean.eu\/wp-content\/uploads\/2022\/09\/Nachfullung-S10.jpg\" \/>\n\t<meta property=\"og:image:width\" content=\"1200\" \/>\n\t<meta property=\"og:image:height\" content=\"1200\" \/>\n\t<meta property=\"og:image:type\" content=\"image\/jpeg\" \/>\n<meta name=\"twitter:card\" content=\"summary_large_image\" \/>\n<script type=\"application\/ld+json\" class=\"yoast-schema-graph\">{\"@context\":\"https:\\\/\\\/schema.org\",\"@graph\":[{\"@type\":\"WebPage\",\"@id\":\"https:\\\/\\\/tiptopclean.eu\\\/shop\\\/verbrauchsmaterialien\\\/schaumseife\\\/dovena-schaumseife-creme-ph-hautneutral-fur-sanfte-reinigung\\\/\",\"url\":\"https:\\\/\\\/tiptopclean.eu\\\/shop\\\/verbrauchsmaterialien\\\/schaumseife\\\/dovena-schaumseife-creme-ph-hautneutral-fur-sanfte-reinigung\\\/\",\"name\":\"Dovena penasti kremasti sapun ph-neutralan za ne\u017eno \u010di\u0161\u0107enje - TIPTOP\",\"isPartOf\":{\"@id\":\"https:\\\/\\\/tiptopclean.eu\\\/#website\"},\"primaryImageOfPage\":{\"@id\":\"https:\\\/\\\/tiptopclean.eu\\\/shop\\\/verbrauchsmaterialien\\\/schaumseife\\\/dovena-schaumseife-creme-ph-hautneutral-fur-sanfte-reinigung\\\/#primaryimage\"},\"image\":{\"@id\":\"https:\\\/\\\/tiptopclean.eu\\\/shop\\\/verbrauchsmaterialien\\\/schaumseife\\\/dovena-schaumseife-creme-ph-hautneutral-fur-sanfte-reinigung\\\/#primaryimage\"},\"thumbnailUrl\":\"https:\\\/\\\/tiptopclean.eu\\\/wp-content\\\/uploads\\\/2022\\\/09\\\/Nachfullung-S10.jpg\",\"datePublished\":\"2022-09-06T08:22:35+00:00\",\"dateModified\":\"2023-02-08T10:42:35+00:00\",\"breadcrumb\":{\"@id\":\"https:\\\/\\\/tiptopclean.eu\\\/shop\\\/verbrauchsmaterialien\\\/schaumseife\\\/dovena-schaumseife-creme-ph-hautneutral-fur-sanfte-reinigung\\\/#breadcrumb\"},\"inLanguage\":\"sr-RS\",\"potentialAction\":[{\"@type\":\"ReadAction\",\"target\":[\"https:\\\/\\\/tiptopclean.eu\\\/shop\\\/verbrauchsmaterialien\\\/schaumseife\\\/dovena-schaumseife-creme-ph-hautneutral-fur-sanfte-reinigung\\\/\"]}]},{\"@type\":\"ImageObject\",\"inLanguage\":\"sr-RS\",\"@id\":\"https:\\\/\\\/tiptopclean.eu\\\/shop\\\/verbrauchsmaterialien\\\/schaumseife\\\/dovena-schaumseife-creme-ph-hautneutral-fur-sanfte-reinigung\\\/#primaryimage\",\"url\":\"https:\\\/\\\/tiptopclean.eu\\\/wp-content\\\/uploads\\\/2022\\\/09\\\/Nachfullung-S10.jpg\",\"contentUrl\":\"https:\\\/\\\/tiptopclean.eu\\\/wp-content\\\/uploads\\\/2022\\\/09\\\/Nachfullung-S10.jpg\",\"width\":1200,\"height\":1200},{\"@type\":\"BreadcrumbList\",\"@id\":\"https:\\\/\\\/tiptopclean.eu\\\/shop\\\/verbrauchsmaterialien\\\/schaumseife\\\/dovena-schaumseife-creme-ph-hautneutral-fur-sanfte-reinigung\\\/#breadcrumb\",\"itemListElement\":[{\"@type\":\"ListItem\",\"position\":1,\"name\":\"Startseite\",\"item\":\"https:\\\/\\\/tiptopclean.eu\\\/\"},{\"@type\":\"ListItem\",\"position\":2,\"name\":\"Shop\",\"item\":\"https:\\\/\\\/tiptopclean.eu\\\/shop\\\/\"},{\"@type\":\"ListItem\",\"position\":3,\"name\":\"Dovena penasti kremasti sapun ph-neutralan za ne\u017eno \u010di\u0161\u0107enje\"}]},{\"@type\":\"WebSite\",\"@id\":\"https:\\\/\\\/tiptopclean.eu\\\/#website\",\"url\":\"https:\\\/\\\/tiptopclean.eu\\\/\",\"name\":\"TIPTOP\",\"description\":\"Clean &amp; Care\",\"potentialAction\":[{\"@type\":\"SearchAction\",\"target\":{\"@type\":\"EntryPoint\",\"urlTemplate\":\"https:\\\/\\\/tiptopclean.eu\\\/?s={search_term_string}\"},\"query-input\":{\"@type\":\"PropertyValueSpecification\",\"valueRequired\":true,\"valueName\":\"search_term_string\"}}],\"inLanguage\":\"sr-RS\"}]}<\/script>\n<!-- \/ Yoast SEO plugin. -->","yoast_head_json":{"title":"Dovena penasti kremasti sapun ph-neutralan za ne\u017eno \u010di\u0161\u0107enje - TIPTOP","robots":{"index":"index","follow":"follow","max-snippet":"max-snippet:-1","max-image-preview":"max-image-preview:large","max-video-preview":"max-video-preview:-1"},"canonical":"https:\/\/tiptopclean.eu\/shop\/verbrauchsmaterialien\/schaumseife\/dovena-schaumseife-creme-ph-hautneutral-fur-sanfte-reinigung\/","og_locale":"sr_RS","og_type":"article","og_title":"Dovena penasti kremasti sapun ph-neutralan za ne\u017eno \u010di\u0161\u0107enje - TIPTOP","og_description":"Sastav   Aqua   Sodium Laureth Sulfate   Cocamidopropyl Betaine   PEG-7 Glyceryl Cocoate   Sodium Benzoate   Potassium Sorbate   Coco-Glucoside   Glyceryl Oleate   Parfum   Hexyl Cinnamal   Citric Acid    TEHNI\u010cKE SPECIFIKACIJE\uf1c1   ZATRA\u017dI PONUDU","og_url":"https:\/\/tiptopclean.eu\/shop\/verbrauchsmaterialien\/schaumseife\/dovena-schaumseife-creme-ph-hautneutral-fur-sanfte-reinigung\/","og_site_name":"TIPTOP","article_modified_time":"2023-02-08T10:42:35+00:00","og_image":[{"width":1200,"height":1200,"url":"https:\/\/tiptopclean.eu\/wp-content\/uploads\/2022\/09\/Nachfullung-S10.jpg","type":"image\/jpeg"}],"twitter_card":"summary_large_image","schema":{"@context":"https:\/\/schema.org","@graph":[{"@type":"WebPage","@id":"https:\/\/tiptopclean.eu\/shop\/verbrauchsmaterialien\/schaumseife\/dovena-schaumseife-creme-ph-hautneutral-fur-sanfte-reinigung\/","url":"https:\/\/tiptopclean.eu\/shop\/verbrauchsmaterialien\/schaumseife\/dovena-schaumseife-creme-ph-hautneutral-fur-sanfte-reinigung\/","name":"Dovena penasti kremasti sapun ph-neutralan za ne\u017eno \u010di\u0161\u0107enje - TIPTOP","isPartOf":{"@id":"https:\/\/tiptopclean.eu\/#website"},"primaryImageOfPage":{"@id":"https:\/\/tiptopclean.eu\/shop\/verbrauchsmaterialien\/schaumseife\/dovena-schaumseife-creme-ph-hautneutral-fur-sanfte-reinigung\/#primaryimage"},"image":{"@id":"https:\/\/tiptopclean.eu\/shop\/verbrauchsmaterialien\/schaumseife\/dovena-schaumseife-creme-ph-hautneutral-fur-sanfte-reinigung\/#primaryimage"},"thumbnailUrl":"https:\/\/tiptopclean.eu\/wp-content\/uploads\/2022\/09\/Nachfullung-S10.jpg","datePublished":"2022-09-06T08:22:35+00:00","dateModified":"2023-02-08T10:42:35+00:00","breadcrumb":{"@id":"https:\/\/tiptopclean.eu\/shop\/verbrauchsmaterialien\/schaumseife\/dovena-schaumseife-creme-ph-hautneutral-fur-sanfte-reinigung\/#breadcrumb"},"inLanguage":"sr-RS","potentialAction":[{"@type":"ReadAction","target":["https:\/\/tiptopclean.eu\/shop\/verbrauchsmaterialien\/schaumseife\/dovena-schaumseife-creme-ph-hautneutral-fur-sanfte-reinigung\/"]}]},{"@type":"ImageObject","inLanguage":"sr-RS","@id":"https:\/\/tiptopclean.eu\/shop\/verbrauchsmaterialien\/schaumseife\/dovena-schaumseife-creme-ph-hautneutral-fur-sanfte-reinigung\/#primaryimage","url":"https:\/\/tiptopclean.eu\/wp-content\/uploads\/2022\/09\/Nachfullung-S10.jpg","contentUrl":"https:\/\/tiptopclean.eu\/wp-content\/uploads\/2022\/09\/Nachfullung-S10.jpg","width":1200,"height":1200},{"@type":"BreadcrumbList","@id":"https:\/\/tiptopclean.eu\/shop\/verbrauchsmaterialien\/schaumseife\/dovena-schaumseife-creme-ph-hautneutral-fur-sanfte-reinigung\/#breadcrumb","itemListElement":[{"@type":"ListItem","position":1,"name":"Startseite","item":"https:\/\/tiptopclean.eu\/"},{"@type":"ListItem","position":2,"name":"Shop","item":"https:\/\/tiptopclean.eu\/shop\/"},{"@type":"ListItem","position":3,"name":"Dovena penasti kremasti sapun ph-neutralan za ne\u017eno \u010di\u0161\u0107enje"}]},{"@type":"WebSite","@id":"https:\/\/tiptopclean.eu\/#website","url":"https:\/\/tiptopclean.eu\/","name":"TIPTOP","description":"Clean &amp; Care","potentialAction":[{"@type":"SearchAction","target":{"@type":"EntryPoint","urlTemplate":"https:\/\/tiptopclean.eu\/?s={search_term_string}"},"query-input":{"@type":"PropertyValueSpecification","valueRequired":true,"valueName":"search_term_string"}}],"inLanguage":"sr-RS"}]}},"_links":{"self":[{"href":"https:\/\/tiptopclean.eu\/sr\/wp-json\/wp\/v2\/product\/5602","targetHints":{"allow":["GET"]}}],"collection":[{"href":"https:\/\/tiptopclean.eu\/sr\/wp-json\/wp\/v2\/product"}],"about":[{"href":"https:\/\/tiptopclean.eu\/sr\/wp-json\/wp\/v2\/types\/product"}],"wp:featuredmedia":[{"embeddable":true,"href":"https:\/\/tiptopclean.eu\/sr\/wp-json\/wp\/v2\/media\/5260"}],"wp:attachment":[{"href":"https:\/\/tiptopclean.eu\/sr\/wp-json\/wp\/v2\/media?parent=5602"}],"wp:term":[{"taxonomy":"product_brand","embeddable":true,"href":"https:\/\/tiptopclean.eu\/sr\/wp-json\/wp\/v2\/product_brand?post=5602"},{"taxonomy":"product_cat","embeddable":true,"href":"https:\/\/tiptopclean.eu\/sr\/wp-json\/wp\/v2\/product_cat?post=5602"},{"taxonomy":"product_tag","embeddable":true,"href":"https:\/\/tiptopclean.eu\/sr\/wp-json\/wp\/v2\/product_tag?post=5602"}],"curies":[{"name":"wp","href":"https:\/\/api.w.org\/{rel}","templated":true}]}}