{"id":5607,"date":"2022-09-06T09:01:24","date_gmt":"2022-09-06T08:01:24","guid":{"rendered":"https:\/\/wk9jkespzd.onrocket.site\/produkt\/dezikim-derm-higijenska-i-hirurska-dezinfekcija-ruku\/"},"modified":"2022-11-15T14:13:10","modified_gmt":"2022-11-15T13:13:10","slug":"dezikim-derm-hygienische-und-chirurgische-handedesinfektion-2","status":"publish","type":"product","link":"https:\/\/tiptopclean.eu\/sr\/shop\/punjenja\/dezinfekcija\/dezikim-derm-hygienische-und-chirurgische-handedesinfektion-2\/","title":{"rendered":"Dezikim Derm (higijenska i hirur\u0161ka dezinfekcija ruku)"},"content":{"rendered":"","protected":false},"excerpt":{"rendered":"<p><span class=\"fontstyle0\">Efikasan za<\/span><\/p>\n<ul>\n<li><span class=\"fontstyle0\">EN 1500 Higijenska dezinfekcija<br \/>\n<\/span><\/li>\n<li><span class=\"fontstyle0\">EN 12791 Hirur\u0161ka dezinfekcija<br \/>\n<\/span><\/li>\n<li><span class=\"fontstyle0\">EN 14476 Rotavirus, Norovirus<br \/>\n<\/span><\/li>\n<li><span class=\"fontstyle0\">DVV\/RKI Vaccinia virus; BVDV; Viren HBV,<br \/>\n<\/span><\/li>\n<li><span class=\"fontstyle0\">HCV, HIV, H5N1, H1N1, Ebola<br \/>\n<\/span><\/li>\n<li><span class=\"fontstyle0\">EN 1040 Bakterije<br \/>\n<\/span><\/li>\n<li><span class=\"fontstyle0\">EN 1275 Candida albicans<br \/>\n<\/span><\/li>\n<li><span class=\"fontstyle0\">EN 13727 Bakterije (uklju\u010duju\u0107i MRSA)<br \/>\n<\/span><\/li>\n<li><span class=\"fontstyle0\">EN 14348 TBC<br \/>\n<\/span><\/li>\n<li><span class=\"fontstyle0\">EN 14476 Adenovirus<\/span><\/li>\n<li><span class=\"fontstyle0\">EN 13624 Fungizid<br \/>\n<\/span><\/li>\n<li><span class=\"fontstyle0\">EN 1275 Aspergillus niger<\/span><\/li>\n<\/ul>\n<p><a href=\"#\" class=\"popup-button-sr-dezikim-derm-H10\"><strong><br \/>\nTEHNI\u010cKE SPECIFIKACIJE<\/strong><\/a><i class=\"fa\" style=\"font-size: 24px;\">\uf1c1<\/i><\/p>\n<p><a href=\"\/sr\/kontakt\/\"><strong><br \/>\nZATRA\u017dI PONUDU<\/strong><\/a><\/p>\n","protected":false},"featured_media":5250,"template":"","meta":[],"product_brand":[],"product_cat":[296,279],"product_tag":[],"class_list":{"0":"post-5607","1":"product","2":"type-product","3":"status-publish","4":"has-post-thumbnail","6":"product_cat-dezinfekcija","7":"product_cat-punjenja","9":"first","10":"instock","11":"shipping-taxable","12":"product-type-simple"},"yoast_head":"<!-- This site is optimized with the Yoast SEO plugin v27.3 - https:\/\/yoast.com\/product\/yoast-seo-wordpress\/ -->\n<title>Dezikim Derm (higijenska i hirur\u0161ka dezinfekcija ruku) - TIPTOP<\/title>\n<meta name=\"robots\" content=\"index, follow, max-snippet:-1, max-image-preview:large, max-video-preview:-1\" \/>\n<link rel=\"canonical\" href=\"https:\/\/tiptopclean.eu\/shop\/verbrauchsmaterialien\/desinfektionsmittel\/dezikim-derm-hygienische-und-chirurgische-handedesinfektion\/\" \/>\n<meta property=\"og:locale\" content=\"sr_RS\" \/>\n<meta property=\"og:type\" content=\"article\" \/>\n<meta property=\"og:title\" content=\"Dezikim Derm (higijenska i hirur\u0161ka dezinfekcija ruku) - TIPTOP\" \/>\n<meta property=\"og:description\" content=\"Efikasan za   EN 1500 Higijenska dezinfekcija   EN 12791 Hirur\u0161ka dezinfekcija   EN 14476 Rotavirus, Norovirus   DVV\/RKI Vaccinia virus; BVDV; Viren HBV,   HCV, HIV, H5N1, H1N1, Ebola   EN 1040 Bakterije   EN 1275 Candida albicans   EN 13727 Bakterije (uklju\u010duju\u0107i MRSA)   EN 14348 TBC   EN 14476 Adenovirus  EN 13624 Fungizid   EN 1275 Aspergillus niger   TEHNI\u010cKE SPECIFIKACIJE\uf1c1   ZATRA\u017dI PONUDU\" \/>\n<meta property=\"og:url\" content=\"https:\/\/tiptopclean.eu\/shop\/verbrauchsmaterialien\/desinfektionsmittel\/dezikim-derm-hygienische-und-chirurgische-handedesinfektion\/\" \/>\n<meta property=\"og:site_name\" content=\"TIPTOP\" \/>\n<meta property=\"article:modified_time\" content=\"2022-11-15T13:13:10+00:00\" \/>\n<meta property=\"og:image\" content=\"https:\/\/tiptopclean.eu\/wp-content\/uploads\/2022\/09\/Nachfullung-H10.jpg\" \/>\n\t<meta property=\"og:image:width\" content=\"1200\" \/>\n\t<meta property=\"og:image:height\" content=\"1200\" \/>\n\t<meta property=\"og:image:type\" content=\"image\/jpeg\" \/>\n<meta name=\"twitter:card\" content=\"summary_large_image\" \/>\n<script type=\"application\/ld+json\" class=\"yoast-schema-graph\">{\"@context\":\"https:\\\/\\\/schema.org\",\"@graph\":[{\"@type\":\"WebPage\",\"@id\":\"https:\\\/\\\/tiptopclean.eu\\\/shop\\\/verbrauchsmaterialien\\\/desinfektionsmittel\\\/dezikim-derm-hygienische-und-chirurgische-handedesinfektion\\\/\",\"url\":\"https:\\\/\\\/tiptopclean.eu\\\/shop\\\/verbrauchsmaterialien\\\/desinfektionsmittel\\\/dezikim-derm-hygienische-und-chirurgische-handedesinfektion\\\/\",\"name\":\"Dezikim Derm (higijenska i hirur\u0161ka dezinfekcija ruku) - TIPTOP\",\"isPartOf\":{\"@id\":\"https:\\\/\\\/tiptopclean.eu\\\/#website\"},\"primaryImageOfPage\":{\"@id\":\"https:\\\/\\\/tiptopclean.eu\\\/shop\\\/verbrauchsmaterialien\\\/desinfektionsmittel\\\/dezikim-derm-hygienische-und-chirurgische-handedesinfektion\\\/#primaryimage\"},\"image\":{\"@id\":\"https:\\\/\\\/tiptopclean.eu\\\/shop\\\/verbrauchsmaterialien\\\/desinfektionsmittel\\\/dezikim-derm-hygienische-und-chirurgische-handedesinfektion\\\/#primaryimage\"},\"thumbnailUrl\":\"https:\\\/\\\/tiptopclean.eu\\\/wp-content\\\/uploads\\\/2022\\\/09\\\/Nachfullung-H10.jpg\",\"datePublished\":\"2022-09-06T08:01:24+00:00\",\"dateModified\":\"2022-11-15T13:13:10+00:00\",\"breadcrumb\":{\"@id\":\"https:\\\/\\\/tiptopclean.eu\\\/shop\\\/verbrauchsmaterialien\\\/desinfektionsmittel\\\/dezikim-derm-hygienische-und-chirurgische-handedesinfektion\\\/#breadcrumb\"},\"inLanguage\":\"sr-RS\",\"potentialAction\":[{\"@type\":\"ReadAction\",\"target\":[\"https:\\\/\\\/tiptopclean.eu\\\/shop\\\/verbrauchsmaterialien\\\/desinfektionsmittel\\\/dezikim-derm-hygienische-und-chirurgische-handedesinfektion\\\/\"]}]},{\"@type\":\"ImageObject\",\"inLanguage\":\"sr-RS\",\"@id\":\"https:\\\/\\\/tiptopclean.eu\\\/shop\\\/verbrauchsmaterialien\\\/desinfektionsmittel\\\/dezikim-derm-hygienische-und-chirurgische-handedesinfektion\\\/#primaryimage\",\"url\":\"https:\\\/\\\/tiptopclean.eu\\\/wp-content\\\/uploads\\\/2022\\\/09\\\/Nachfullung-H10.jpg\",\"contentUrl\":\"https:\\\/\\\/tiptopclean.eu\\\/wp-content\\\/uploads\\\/2022\\\/09\\\/Nachfullung-H10.jpg\",\"width\":1200,\"height\":1200},{\"@type\":\"BreadcrumbList\",\"@id\":\"https:\\\/\\\/tiptopclean.eu\\\/shop\\\/verbrauchsmaterialien\\\/desinfektionsmittel\\\/dezikim-derm-hygienische-und-chirurgische-handedesinfektion\\\/#breadcrumb\",\"itemListElement\":[{\"@type\":\"ListItem\",\"position\":1,\"name\":\"Startseite\",\"item\":\"https:\\\/\\\/tiptopclean.eu\\\/\"},{\"@type\":\"ListItem\",\"position\":2,\"name\":\"Shop\",\"item\":\"https:\\\/\\\/tiptopclean.eu\\\/shop\\\/\"},{\"@type\":\"ListItem\",\"position\":3,\"name\":\"Dezikim Derm (higijenska i hirur\u0161ka dezinfekcija ruku)\"}]},{\"@type\":\"WebSite\",\"@id\":\"https:\\\/\\\/tiptopclean.eu\\\/#website\",\"url\":\"https:\\\/\\\/tiptopclean.eu\\\/\",\"name\":\"TIPTOP\",\"description\":\"Clean &amp; Care\",\"potentialAction\":[{\"@type\":\"SearchAction\",\"target\":{\"@type\":\"EntryPoint\",\"urlTemplate\":\"https:\\\/\\\/tiptopclean.eu\\\/?s={search_term_string}\"},\"query-input\":{\"@type\":\"PropertyValueSpecification\",\"valueRequired\":true,\"valueName\":\"search_term_string\"}}],\"inLanguage\":\"sr-RS\"}]}<\/script>\n<!-- \/ Yoast SEO plugin. -->","yoast_head_json":{"title":"Dezikim Derm (higijenska i hirur\u0161ka dezinfekcija ruku) - TIPTOP","robots":{"index":"index","follow":"follow","max-snippet":"max-snippet:-1","max-image-preview":"max-image-preview:large","max-video-preview":"max-video-preview:-1"},"canonical":"https:\/\/tiptopclean.eu\/shop\/verbrauchsmaterialien\/desinfektionsmittel\/dezikim-derm-hygienische-und-chirurgische-handedesinfektion\/","og_locale":"sr_RS","og_type":"article","og_title":"Dezikim Derm (higijenska i hirur\u0161ka dezinfekcija ruku) - TIPTOP","og_description":"Efikasan za   EN 1500 Higijenska dezinfekcija   EN 12791 Hirur\u0161ka dezinfekcija   EN 14476 Rotavirus, Norovirus   DVV\/RKI Vaccinia virus; BVDV; Viren HBV,   HCV, HIV, H5N1, H1N1, Ebola   EN 1040 Bakterije   EN 1275 Candida albicans   EN 13727 Bakterije (uklju\u010duju\u0107i MRSA)   EN 14348 TBC   EN 14476 Adenovirus  EN 13624 Fungizid   EN 1275 Aspergillus niger   TEHNI\u010cKE SPECIFIKACIJE\uf1c1   ZATRA\u017dI PONUDU","og_url":"https:\/\/tiptopclean.eu\/shop\/verbrauchsmaterialien\/desinfektionsmittel\/dezikim-derm-hygienische-und-chirurgische-handedesinfektion\/","og_site_name":"TIPTOP","article_modified_time":"2022-11-15T13:13:10+00:00","og_image":[{"width":1200,"height":1200,"url":"https:\/\/tiptopclean.eu\/wp-content\/uploads\/2022\/09\/Nachfullung-H10.jpg","type":"image\/jpeg"}],"twitter_card":"summary_large_image","schema":{"@context":"https:\/\/schema.org","@graph":[{"@type":"WebPage","@id":"https:\/\/tiptopclean.eu\/shop\/verbrauchsmaterialien\/desinfektionsmittel\/dezikim-derm-hygienische-und-chirurgische-handedesinfektion\/","url":"https:\/\/tiptopclean.eu\/shop\/verbrauchsmaterialien\/desinfektionsmittel\/dezikim-derm-hygienische-und-chirurgische-handedesinfektion\/","name":"Dezikim Derm (higijenska i hirur\u0161ka dezinfekcija ruku) - TIPTOP","isPartOf":{"@id":"https:\/\/tiptopclean.eu\/#website"},"primaryImageOfPage":{"@id":"https:\/\/tiptopclean.eu\/shop\/verbrauchsmaterialien\/desinfektionsmittel\/dezikim-derm-hygienische-und-chirurgische-handedesinfektion\/#primaryimage"},"image":{"@id":"https:\/\/tiptopclean.eu\/shop\/verbrauchsmaterialien\/desinfektionsmittel\/dezikim-derm-hygienische-und-chirurgische-handedesinfektion\/#primaryimage"},"thumbnailUrl":"https:\/\/tiptopclean.eu\/wp-content\/uploads\/2022\/09\/Nachfullung-H10.jpg","datePublished":"2022-09-06T08:01:24+00:00","dateModified":"2022-11-15T13:13:10+00:00","breadcrumb":{"@id":"https:\/\/tiptopclean.eu\/shop\/verbrauchsmaterialien\/desinfektionsmittel\/dezikim-derm-hygienische-und-chirurgische-handedesinfektion\/#breadcrumb"},"inLanguage":"sr-RS","potentialAction":[{"@type":"ReadAction","target":["https:\/\/tiptopclean.eu\/shop\/verbrauchsmaterialien\/desinfektionsmittel\/dezikim-derm-hygienische-und-chirurgische-handedesinfektion\/"]}]},{"@type":"ImageObject","inLanguage":"sr-RS","@id":"https:\/\/tiptopclean.eu\/shop\/verbrauchsmaterialien\/desinfektionsmittel\/dezikim-derm-hygienische-und-chirurgische-handedesinfektion\/#primaryimage","url":"https:\/\/tiptopclean.eu\/wp-content\/uploads\/2022\/09\/Nachfullung-H10.jpg","contentUrl":"https:\/\/tiptopclean.eu\/wp-content\/uploads\/2022\/09\/Nachfullung-H10.jpg","width":1200,"height":1200},{"@type":"BreadcrumbList","@id":"https:\/\/tiptopclean.eu\/shop\/verbrauchsmaterialien\/desinfektionsmittel\/dezikim-derm-hygienische-und-chirurgische-handedesinfektion\/#breadcrumb","itemListElement":[{"@type":"ListItem","position":1,"name":"Startseite","item":"https:\/\/tiptopclean.eu\/"},{"@type":"ListItem","position":2,"name":"Shop","item":"https:\/\/tiptopclean.eu\/shop\/"},{"@type":"ListItem","position":3,"name":"Dezikim Derm (higijenska i hirur\u0161ka dezinfekcija ruku)"}]},{"@type":"WebSite","@id":"https:\/\/tiptopclean.eu\/#website","url":"https:\/\/tiptopclean.eu\/","name":"TIPTOP","description":"Clean &amp; Care","potentialAction":[{"@type":"SearchAction","target":{"@type":"EntryPoint","urlTemplate":"https:\/\/tiptopclean.eu\/?s={search_term_string}"},"query-input":{"@type":"PropertyValueSpecification","valueRequired":true,"valueName":"search_term_string"}}],"inLanguage":"sr-RS"}]}},"_links":{"self":[{"href":"https:\/\/tiptopclean.eu\/sr\/wp-json\/wp\/v2\/product\/5607","targetHints":{"allow":["GET"]}}],"collection":[{"href":"https:\/\/tiptopclean.eu\/sr\/wp-json\/wp\/v2\/product"}],"about":[{"href":"https:\/\/tiptopclean.eu\/sr\/wp-json\/wp\/v2\/types\/product"}],"wp:featuredmedia":[{"embeddable":true,"href":"https:\/\/tiptopclean.eu\/sr\/wp-json\/wp\/v2\/media\/5250"}],"wp:attachment":[{"href":"https:\/\/tiptopclean.eu\/sr\/wp-json\/wp\/v2\/media?parent=5607"}],"wp:term":[{"taxonomy":"product_brand","embeddable":true,"href":"https:\/\/tiptopclean.eu\/sr\/wp-json\/wp\/v2\/product_brand?post=5607"},{"taxonomy":"product_cat","embeddable":true,"href":"https:\/\/tiptopclean.eu\/sr\/wp-json\/wp\/v2\/product_cat?post=5607"},{"taxonomy":"product_tag","embeddable":true,"href":"https:\/\/tiptopclean.eu\/sr\/wp-json\/wp\/v2\/product_tag?post=5607"}],"curies":[{"name":"wp","href":"https:\/\/api.w.org\/{rel}","templated":true}]}}