{"id":5608,"date":"2022-09-06T08:55:42","date_gmt":"2022-09-06T07:55:42","guid":{"rendered":"https:\/\/wk9jkespzd.onrocket.site\/produkt\/slagani-toalet-papir\/"},"modified":"2023-03-24T11:28:29","modified_gmt":"2023-03-24T10:28:29","slug":"slagani-papir-za-ruke-2","status":"publish","type":"product","link":"https:\/\/tiptopclean.eu\/sr\/shop\/punjenja\/slagani-papir-za-ruke\/slagani-papir-za-ruke-2\/","title":{"rendered":"Slagani papir za ruke 20&#215;200"},"content":{"rendered":"","protected":false},"excerpt":{"rendered":"<ul>\n<li><span class=\"fontstyle0\">Materijal: 100 % Celuloza<br \/>\n<\/span><\/li>\n<li><span class=\"fontstyle0\">Slojeva: 2<br \/>\n<\/span><\/li>\n<li><span class=\"fontstyle0\">Vrsta preklopa: V-preklop<br \/>\n<\/span><\/li>\n<li><span class=\"fontstyle0\">GSM po sloju: 17.5 g\/m2<br \/>\n<\/span><\/li>\n<li><span class=\"fontstyle0\">\u0160irina lista: 25 cm<br \/>\n<\/span><\/li>\n<li><span class=\"fontstyle0\">Du\u017eina lista: 21 cm<br \/>\n<\/span><\/li>\n<li><span class=\"fontstyle0\">Pojedina\u010dno pakovanje: Papir<br \/>\n<\/span><\/li>\n<li><span class=\"fontstyle0\">Boja: Bistrobijela<br \/>\n<\/span><\/li>\n<li><span class=\"fontstyle0\">Utiskivanje: Mikro<br \/>\n<\/span><\/li>\n<li><span class=\"fontstyle0\">Paketa\/listova: 20 x 200 <\/span><\/li>\n<\/ul>\n<p><a class=\"popup-button-de-falthandtuchpapier-f10-2\" href=\"#\"><strong><br \/>\nTEHNI\u010cKE SPECIFIKACIJE<\/strong><\/a><i class=\"fa\" style=\"font-size: 24px;\">\uf1c1<\/i><\/p>\n<p><a href=\"\/kontakt\/\"><strong><br \/>\nZATRA\u017dI PONUDU<\/strong><\/a><\/p>\n","protected":false},"featured_media":10780,"template":"","meta":[],"product_brand":[],"product_cat":[279,299],"product_tag":[],"class_list":{"0":"post-5608","1":"product","2":"type-product","3":"status-publish","4":"has-post-thumbnail","6":"product_cat-punjenja","7":"product_cat-slagani-papir-za-ruke","9":"first","10":"instock","11":"shipping-taxable","12":"product-type-simple"},"yoast_head":"<!-- This site is optimized with the Yoast SEO plugin v27.3 - https:\/\/yoast.com\/product\/yoast-seo-wordpress\/ -->\n<title>Slagani papir za ruke 20x200 - TIPTOP<\/title>\n<meta name=\"robots\" content=\"index, follow, max-snippet:-1, max-image-preview:large, max-video-preview:-1\" \/>\n<link rel=\"canonical\" href=\"https:\/\/tiptopclean.eu\/shop\/verbrauchsmaterialien\/falthandtuchpapier\/falthandtuchpapier-2\/\" \/>\n<meta property=\"og:locale\" content=\"sr_RS\" \/>\n<meta property=\"og:type\" content=\"article\" \/>\n<meta property=\"og:title\" content=\"Slagani papir za ruke 20x200 - TIPTOP\" \/>\n<meta property=\"og:description\" content=\"Materijal: 100 % Celuloza  Slojeva: 2  Vrsta preklopa: V-preklop  GSM po sloju: 17.5 g\/m2  \u0160irina lista: 25 cm  Du\u017eina lista: 21 cm  Pojedina\u010dno pakovanje: Papir  Boja: Bistrobijela  Utiskivanje: Mikro  Paketa\/listova: 20 x 200  TEHNI\u010cKE SPECIFIKACIJE\uf1c1  ZATRA\u017dI PONUDU\" \/>\n<meta property=\"og:url\" content=\"https:\/\/tiptopclean.eu\/shop\/verbrauchsmaterialien\/falthandtuchpapier\/falthandtuchpapier-2\/\" \/>\n<meta property=\"og:site_name\" content=\"TIPTOP\" \/>\n<meta property=\"article:modified_time\" content=\"2023-03-24T10:28:29+00:00\" \/>\n<meta property=\"og:image\" content=\"https:\/\/tiptopclean.eu\/wp-content\/uploads\/2022\/09\/3871284037580.jpg\" \/>\n\t<meta property=\"og:image:width\" content=\"1200\" \/>\n\t<meta property=\"og:image:height\" content=\"1200\" \/>\n\t<meta property=\"og:image:type\" content=\"image\/jpeg\" \/>\n<meta name=\"twitter:card\" content=\"summary_large_image\" \/>\n<script type=\"application\/ld+json\" class=\"yoast-schema-graph\">{\"@context\":\"https:\\\/\\\/schema.org\",\"@graph\":[{\"@type\":\"WebPage\",\"@id\":\"https:\\\/\\\/tiptopclean.eu\\\/shop\\\/verbrauchsmaterialien\\\/falthandtuchpapier\\\/falthandtuchpapier-2\\\/\",\"url\":\"https:\\\/\\\/tiptopclean.eu\\\/shop\\\/verbrauchsmaterialien\\\/falthandtuchpapier\\\/falthandtuchpapier-2\\\/\",\"name\":\"Slagani papir za ruke 20x200 - TIPTOP\",\"isPartOf\":{\"@id\":\"https:\\\/\\\/tiptopclean.eu\\\/#website\"},\"primaryImageOfPage\":{\"@id\":\"https:\\\/\\\/tiptopclean.eu\\\/shop\\\/verbrauchsmaterialien\\\/falthandtuchpapier\\\/falthandtuchpapier-2\\\/#primaryimage\"},\"image\":{\"@id\":\"https:\\\/\\\/tiptopclean.eu\\\/shop\\\/verbrauchsmaterialien\\\/falthandtuchpapier\\\/falthandtuchpapier-2\\\/#primaryimage\"},\"thumbnailUrl\":\"https:\\\/\\\/tiptopclean.eu\\\/wp-content\\\/uploads\\\/2022\\\/09\\\/3871284037580.jpg\",\"datePublished\":\"2022-09-06T07:55:42+00:00\",\"dateModified\":\"2023-03-24T10:28:29+00:00\",\"breadcrumb\":{\"@id\":\"https:\\\/\\\/tiptopclean.eu\\\/shop\\\/verbrauchsmaterialien\\\/falthandtuchpapier\\\/falthandtuchpapier-2\\\/#breadcrumb\"},\"inLanguage\":\"sr-RS\",\"potentialAction\":[{\"@type\":\"ReadAction\",\"target\":[\"https:\\\/\\\/tiptopclean.eu\\\/shop\\\/verbrauchsmaterialien\\\/falthandtuchpapier\\\/falthandtuchpapier-2\\\/\"]}]},{\"@type\":\"ImageObject\",\"inLanguage\":\"sr-RS\",\"@id\":\"https:\\\/\\\/tiptopclean.eu\\\/shop\\\/verbrauchsmaterialien\\\/falthandtuchpapier\\\/falthandtuchpapier-2\\\/#primaryimage\",\"url\":\"https:\\\/\\\/tiptopclean.eu\\\/wp-content\\\/uploads\\\/2022\\\/09\\\/3871284037580.jpg\",\"contentUrl\":\"https:\\\/\\\/tiptopclean.eu\\\/wp-content\\\/uploads\\\/2022\\\/09\\\/3871284037580.jpg\",\"width\":1200,\"height\":1200},{\"@type\":\"BreadcrumbList\",\"@id\":\"https:\\\/\\\/tiptopclean.eu\\\/shop\\\/verbrauchsmaterialien\\\/falthandtuchpapier\\\/falthandtuchpapier-2\\\/#breadcrumb\",\"itemListElement\":[{\"@type\":\"ListItem\",\"position\":1,\"name\":\"Startseite\",\"item\":\"https:\\\/\\\/tiptopclean.eu\\\/\"},{\"@type\":\"ListItem\",\"position\":2,\"name\":\"Shop\",\"item\":\"https:\\\/\\\/tiptopclean.eu\\\/shop\\\/\"},{\"@type\":\"ListItem\",\"position\":3,\"name\":\"Slagani papir za ruke 20\u00d7200\"}]},{\"@type\":\"WebSite\",\"@id\":\"https:\\\/\\\/tiptopclean.eu\\\/#website\",\"url\":\"https:\\\/\\\/tiptopclean.eu\\\/\",\"name\":\"TIPTOP\",\"description\":\"Clean &amp; Care\",\"potentialAction\":[{\"@type\":\"SearchAction\",\"target\":{\"@type\":\"EntryPoint\",\"urlTemplate\":\"https:\\\/\\\/tiptopclean.eu\\\/?s={search_term_string}\"},\"query-input\":{\"@type\":\"PropertyValueSpecification\",\"valueRequired\":true,\"valueName\":\"search_term_string\"}}],\"inLanguage\":\"sr-RS\"}]}<\/script>\n<!-- \/ Yoast SEO plugin. -->","yoast_head_json":{"title":"Slagani papir za ruke 20x200 - TIPTOP","robots":{"index":"index","follow":"follow","max-snippet":"max-snippet:-1","max-image-preview":"max-image-preview:large","max-video-preview":"max-video-preview:-1"},"canonical":"https:\/\/tiptopclean.eu\/shop\/verbrauchsmaterialien\/falthandtuchpapier\/falthandtuchpapier-2\/","og_locale":"sr_RS","og_type":"article","og_title":"Slagani papir za ruke 20x200 - TIPTOP","og_description":"Materijal: 100 % Celuloza  Slojeva: 2  Vrsta preklopa: V-preklop  GSM po sloju: 17.5 g\/m2  \u0160irina lista: 25 cm  Du\u017eina lista: 21 cm  Pojedina\u010dno pakovanje: Papir  Boja: Bistrobijela  Utiskivanje: Mikro  Paketa\/listova: 20 x 200  TEHNI\u010cKE SPECIFIKACIJE\uf1c1  ZATRA\u017dI PONUDU","og_url":"https:\/\/tiptopclean.eu\/shop\/verbrauchsmaterialien\/falthandtuchpapier\/falthandtuchpapier-2\/","og_site_name":"TIPTOP","article_modified_time":"2023-03-24T10:28:29+00:00","og_image":[{"width":1200,"height":1200,"url":"https:\/\/tiptopclean.eu\/wp-content\/uploads\/2022\/09\/3871284037580.jpg","type":"image\/jpeg"}],"twitter_card":"summary_large_image","schema":{"@context":"https:\/\/schema.org","@graph":[{"@type":"WebPage","@id":"https:\/\/tiptopclean.eu\/shop\/verbrauchsmaterialien\/falthandtuchpapier\/falthandtuchpapier-2\/","url":"https:\/\/tiptopclean.eu\/shop\/verbrauchsmaterialien\/falthandtuchpapier\/falthandtuchpapier-2\/","name":"Slagani papir za ruke 20x200 - TIPTOP","isPartOf":{"@id":"https:\/\/tiptopclean.eu\/#website"},"primaryImageOfPage":{"@id":"https:\/\/tiptopclean.eu\/shop\/verbrauchsmaterialien\/falthandtuchpapier\/falthandtuchpapier-2\/#primaryimage"},"image":{"@id":"https:\/\/tiptopclean.eu\/shop\/verbrauchsmaterialien\/falthandtuchpapier\/falthandtuchpapier-2\/#primaryimage"},"thumbnailUrl":"https:\/\/tiptopclean.eu\/wp-content\/uploads\/2022\/09\/3871284037580.jpg","datePublished":"2022-09-06T07:55:42+00:00","dateModified":"2023-03-24T10:28:29+00:00","breadcrumb":{"@id":"https:\/\/tiptopclean.eu\/shop\/verbrauchsmaterialien\/falthandtuchpapier\/falthandtuchpapier-2\/#breadcrumb"},"inLanguage":"sr-RS","potentialAction":[{"@type":"ReadAction","target":["https:\/\/tiptopclean.eu\/shop\/verbrauchsmaterialien\/falthandtuchpapier\/falthandtuchpapier-2\/"]}]},{"@type":"ImageObject","inLanguage":"sr-RS","@id":"https:\/\/tiptopclean.eu\/shop\/verbrauchsmaterialien\/falthandtuchpapier\/falthandtuchpapier-2\/#primaryimage","url":"https:\/\/tiptopclean.eu\/wp-content\/uploads\/2022\/09\/3871284037580.jpg","contentUrl":"https:\/\/tiptopclean.eu\/wp-content\/uploads\/2022\/09\/3871284037580.jpg","width":1200,"height":1200},{"@type":"BreadcrumbList","@id":"https:\/\/tiptopclean.eu\/shop\/verbrauchsmaterialien\/falthandtuchpapier\/falthandtuchpapier-2\/#breadcrumb","itemListElement":[{"@type":"ListItem","position":1,"name":"Startseite","item":"https:\/\/tiptopclean.eu\/"},{"@type":"ListItem","position":2,"name":"Shop","item":"https:\/\/tiptopclean.eu\/shop\/"},{"@type":"ListItem","position":3,"name":"Slagani papir za ruke 20\u00d7200"}]},{"@type":"WebSite","@id":"https:\/\/tiptopclean.eu\/#website","url":"https:\/\/tiptopclean.eu\/","name":"TIPTOP","description":"Clean &amp; Care","potentialAction":[{"@type":"SearchAction","target":{"@type":"EntryPoint","urlTemplate":"https:\/\/tiptopclean.eu\/?s={search_term_string}"},"query-input":{"@type":"PropertyValueSpecification","valueRequired":true,"valueName":"search_term_string"}}],"inLanguage":"sr-RS"}]}},"_links":{"self":[{"href":"https:\/\/tiptopclean.eu\/sr\/wp-json\/wp\/v2\/product\/5608","targetHints":{"allow":["GET"]}}],"collection":[{"href":"https:\/\/tiptopclean.eu\/sr\/wp-json\/wp\/v2\/product"}],"about":[{"href":"https:\/\/tiptopclean.eu\/sr\/wp-json\/wp\/v2\/types\/product"}],"wp:featuredmedia":[{"embeddable":true,"href":"https:\/\/tiptopclean.eu\/sr\/wp-json\/wp\/v2\/media\/10780"}],"wp:attachment":[{"href":"https:\/\/tiptopclean.eu\/sr\/wp-json\/wp\/v2\/media?parent=5608"}],"wp:term":[{"taxonomy":"product_brand","embeddable":true,"href":"https:\/\/tiptopclean.eu\/sr\/wp-json\/wp\/v2\/product_brand?post=5608"},{"taxonomy":"product_cat","embeddable":true,"href":"https:\/\/tiptopclean.eu\/sr\/wp-json\/wp\/v2\/product_cat?post=5608"},{"taxonomy":"product_tag","embeddable":true,"href":"https:\/\/tiptopclean.eu\/sr\/wp-json\/wp\/v2\/product_tag?post=5608"}],"curies":[{"name":"wp","href":"https:\/\/api.w.org\/{rel}","templated":true}]}}